{"id":252895,"date":"2024-02-07T17:42:34","date_gmt":"2024-02-07T16:42:34","guid":{"rendered":"https:\/\/www.simpa.sk\/produkt\/orbit-net-apt-fn\/"},"modified":"2024-02-07T17:42:34","modified_gmt":"2024-02-07T16:42:34","slug":"orbit-net-apt-fn","status":"publish","type":"product","link":"https:\/\/www.simpa.sk\/de\/produkt\/orbit-net-apt-fn\/","title":{"rendered":"ORBIT NET \/ APT-FN"},"content":{"rendered":"<p>Drehstuhl mit der Kopfst\u00fctze<br \/><strong>APT<\/strong> &#8211; hohe R\u00fcckenlehne mit <strong>2D<\/strong> einstellbarer Kopfst\u00fctze<br \/><strong>FN<\/strong> &#8211; schwarze Version- Kopfst\u00fctze, Lehnenrahmen, Fu\u00dfkreuz<br \/><strong>NET<\/strong> &#8211; Netzr\u00fcckenlehne <strong>NET R<\/strong> &#8211; Runner<br \/>Sitz gepolstert<br \/><strong>SY 359<\/strong> &#8211; Synchromechanik mit individueller Gewichtseinstellung<br \/><strong>UpDown<\/strong> &#8211; h\u00f6henverstellbare R\u00fcckenlehne<br \/><strong>2D<\/strong> h\u00f6henverstellbare graue Lordosenst\u00fctze<br \/>Fu\u00dfkreuz Nylon <strong>KK<\/strong>, Rollen <strong>D.65U<\/strong> universal<br \/>ohne Armlehnen<\/p>\n","protected":false},"excerpt":{"rendered":"<p>Drehstuhl mit der Kopfst\u00fctzeAPT &#8211; hohe R\u00fcckenlehne mit 2D einstellbarer Kopfst\u00fctzeFN &#8211; schwarze Version- Kopfst\u00fctze, Lehnenrahmen, Fu\u00dfkreuzNET &#8211; Netzr\u00fcckenlehne NET R &#8211; RunnerSitz gepolstertSY 359 &#8211; Synchromechanik mit individueller GewichtseinstellungUpDown &#8211; h\u00f6henverstellbare R\u00fcckenlehne2D h\u00f6henverstellbare graue Lordosenst\u00fctzeFu\u00dfkreuz Nylon KK, Rollen D.65U universalohne Armlehnen<\/p>\n","protected":false},"featured_media":250783,"template":"","meta":{"_acf_changed":false,"_et_pb_use_builder":"","_et_pb_old_content":"","_et_gb_content_width":"","inline_featured_image":false},"product_brand":[],"product_cat":[187],"product_tag":[],"class_list":{"0":"post-252895","1":"product","2":"type-product","3":"status-publish","4":"has-post-thumbnail","6":"product_cat-orbit-net-de","8":"first","9":"instock","10":"taxable","11":"shipping-taxable","12":"product-type-simple"},"acf":[],"_links":{"self":[{"href":"https:\/\/www.simpa.sk\/de\/wp-json\/wp\/v2\/product\/252895","targetHints":{"allow":["GET"]}}],"collection":[{"href":"https:\/\/www.simpa.sk\/de\/wp-json\/wp\/v2\/product"}],"about":[{"href":"https:\/\/www.simpa.sk\/de\/wp-json\/wp\/v2\/types\/product"}],"wp:featuredmedia":[{"embeddable":true,"href":"https:\/\/www.simpa.sk\/de\/wp-json\/wp\/v2\/media\/250783"}],"wp:attachment":[{"href":"https:\/\/www.simpa.sk\/de\/wp-json\/wp\/v2\/media?parent=252895"}],"wp:term":[{"taxonomy":"product_brand","embeddable":true,"href":"https:\/\/www.simpa.sk\/de\/wp-json\/wp\/v2\/product_brand?post=252895"},{"taxonomy":"product_cat","embeddable":true,"href":"https:\/\/www.simpa.sk\/de\/wp-json\/wp\/v2\/product_cat?post=252895"},{"taxonomy":"product_tag","embeddable":true,"href":"https:\/\/www.simpa.sk\/de\/wp-json\/wp\/v2\/product_tag?post=252895"}],"curies":[{"name":"wp","href":"https:\/\/api.w.org\/{rel}","templated":true}]}}