{"id":252891,"date":"2024-02-05T22:06:44","date_gmt":"2024-02-05T21:06:44","guid":{"rendered":"https:\/\/www.simpa.sk\/produkt\/paravan-160\/"},"modified":"2024-03-15T14:53:26","modified_gmt":"2024-03-15T13:53:26","slug":"paravan-160","status":"publish","type":"product","link":"https:\/\/www.simpa.sk\/de\/produkt\/paravan-160\/","title":{"rendered":"PARAVAN 160"},"content":{"rendered":"<p>selbst-st\u00e4ndige Trennw\u00e4nde<br \/><strong>PARAVAN 160<\/strong> &#8211; Trennwand selbst-st\u00e4ndig, vollgepolstert, schallabsorbierend, weisse F\u00fcsse<br \/>Breite 1600 mm, H\u00f6he 1200 \/ 1400 \/ 1600 mm<\/p>\n","protected":false},"excerpt":{"rendered":"<p>selbst-st\u00e4ndige Trennw\u00e4ndePARAVAN 160 &#8211; Trennwand selbst-st\u00e4ndig, vollgepolstert, schallabsorbierend, weisse F\u00fcsseBreite 1600 mm, H\u00f6he 1200 \/ 1400 \/ 1600 mm<\/p>\n","protected":false},"featured_media":250271,"template":"","meta":{"_acf_changed":false,"_et_pb_use_builder":"","_et_pb_old_content":"","_et_gb_content_width":"","inline_featured_image":false},"product_brand":[],"product_cat":[294],"product_tag":[],"class_list":{"0":"post-252891","1":"product","2":"type-product","3":"status-publish","4":"has-post-thumbnail","6":"product_cat-paravan-de","8":"first","9":"instock","10":"taxable","11":"shipping-taxable","12":"product-type-simple"},"acf":[],"_links":{"self":[{"href":"https:\/\/www.simpa.sk\/de\/wp-json\/wp\/v2\/product\/252891","targetHints":{"allow":["GET"]}}],"collection":[{"href":"https:\/\/www.simpa.sk\/de\/wp-json\/wp\/v2\/product"}],"about":[{"href":"https:\/\/www.simpa.sk\/de\/wp-json\/wp\/v2\/types\/product"}],"wp:featuredmedia":[{"embeddable":true,"href":"https:\/\/www.simpa.sk\/de\/wp-json\/wp\/v2\/media\/250271"}],"wp:attachment":[{"href":"https:\/\/www.simpa.sk\/de\/wp-json\/wp\/v2\/media?parent=252891"}],"wp:term":[{"taxonomy":"product_brand","embeddable":true,"href":"https:\/\/www.simpa.sk\/de\/wp-json\/wp\/v2\/product_brand?post=252891"},{"taxonomy":"product_cat","embeddable":true,"href":"https:\/\/www.simpa.sk\/de\/wp-json\/wp\/v2\/product_cat?post=252891"},{"taxonomy":"product_tag","embeddable":true,"href":"https:\/\/www.simpa.sk\/de\/wp-json\/wp\/v2\/product_tag?post=252891"}],"curies":[{"name":"wp","href":"https:\/\/api.w.org\/{rel}","templated":true}]}}