{"id":252889,"date":"2024-02-05T22:03:41","date_gmt":"2024-02-05T21:03:41","guid":{"rendered":"https:\/\/www.simpa.sk\/produkt\/paravan-80\/"},"modified":"2024-02-05T22:03:41","modified_gmt":"2024-02-05T21:03:41","slug":"paravan-80","status":"publish","type":"product","link":"https:\/\/www.simpa.sk\/de\/produkt\/paravan-80\/","title":{"rendered":"PARAVAN 80"},"content":{"rendered":"<p>selbst-st\u00e4ndige Trennw\u00e4nde<br \/><strong>PARAVAN 80<\/strong> &#8211; Trennwand selbst-st\u00e4ndig, vollgepolstert, schallabsorbierend, weisse F\u00fcsse<br \/>Breite 800 mm, H\u00f6he 1200 \/ 1400 \/ 1600 mm<\/p>\n","protected":false},"excerpt":{"rendered":"<p>selbst-st\u00e4ndige Trennw\u00e4ndePARAVAN 80 &#8211; Trennwand selbst-st\u00e4ndig, vollgepolstert, schallabsorbierend, weisse F\u00fcsseBreite 800 mm, H\u00f6he 1200 \/ 1400 \/ 1600 mm<\/p>\n","protected":false},"featured_media":250263,"template":"","meta":{"_acf_changed":false,"_et_pb_use_builder":"","_et_pb_old_content":"","_et_gb_content_width":"","inline_featured_image":false},"product_brand":[],"product_cat":[294],"product_tag":[],"class_list":{"0":"post-252889","1":"product","2":"type-product","3":"status-publish","4":"has-post-thumbnail","6":"product_cat-paravan-de","8":"first","9":"instock","10":"taxable","11":"shipping-taxable","12":"product-type-simple"},"acf":[],"_links":{"self":[{"href":"https:\/\/www.simpa.sk\/de\/wp-json\/wp\/v2\/product\/252889","targetHints":{"allow":["GET"]}}],"collection":[{"href":"https:\/\/www.simpa.sk\/de\/wp-json\/wp\/v2\/product"}],"about":[{"href":"https:\/\/www.simpa.sk\/de\/wp-json\/wp\/v2\/types\/product"}],"wp:featuredmedia":[{"embeddable":true,"href":"https:\/\/www.simpa.sk\/de\/wp-json\/wp\/v2\/media\/250263"}],"wp:attachment":[{"href":"https:\/\/www.simpa.sk\/de\/wp-json\/wp\/v2\/media?parent=252889"}],"wp:term":[{"taxonomy":"product_brand","embeddable":true,"href":"https:\/\/www.simpa.sk\/de\/wp-json\/wp\/v2\/product_brand?post=252889"},{"taxonomy":"product_cat","embeddable":true,"href":"https:\/\/www.simpa.sk\/de\/wp-json\/wp\/v2\/product_cat?post=252889"},{"taxonomy":"product_tag","embeddable":true,"href":"https:\/\/www.simpa.sk\/de\/wp-json\/wp\/v2\/product_tag?post=252889"}],"curies":[{"name":"wp","href":"https:\/\/api.w.org\/{rel}","templated":true}]}}