{"id":252814,"date":"2024-02-13T19:39:40","date_gmt":"2024-02-13T18:39:40","guid":{"rendered":"https:\/\/www.simpa.sk\/produkt\/link-walls-4\/"},"modified":"2024-02-13T19:39:40","modified_gmt":"2024-02-13T18:39:40","slug":"link-walls-4","status":"publish","type":"product","link":"https:\/\/www.simpa.sk\/de\/produkt\/link-walls-4\/","title":{"rendered":"LINK WALLS \/ 4"},"content":{"rendered":"<p>LINK ist ein Trennwandsystem, mit dem Sie dank seiner Modularit\u00e4t R\u00e4ume<br \/>voller Komfort und Privatsph\u00e4re schaffen k\u00f6nnen. Es bietet unz\u00e4hlige m\u00f6gliche Konfigurationen<\/p>\n<p><strong>LINK WALLS\/4<\/strong> &#8211; vollgepolsterte Box<\/p>\n","protected":false},"excerpt":{"rendered":"<p>LINK ist ein Trennwandsystem, mit dem Sie dank seiner Modularit\u00e4t R\u00e4umevoller Komfort und Privatsph\u00e4re schaffen k\u00f6nnen. Es bietet unz\u00e4hlige m\u00f6gliche Konfigurationen LINK WALLS\/4 &#8211; vollgepolsterte Box<\/p>\n","protected":false},"featured_media":251443,"template":"","meta":{"_acf_changed":false,"_et_pb_use_builder":"","_et_pb_old_content":"","_et_gb_content_width":"","inline_featured_image":false},"product_brand":[],"product_cat":[300],"product_tag":[],"class_list":{"0":"post-252814","1":"product","2":"type-product","3":"status-publish","4":"has-post-thumbnail","6":"product_cat-link-de","8":"first","9":"instock","10":"taxable","11":"shipping-taxable","12":"product-type-simple"},"acf":[],"_links":{"self":[{"href":"https:\/\/www.simpa.sk\/de\/wp-json\/wp\/v2\/product\/252814","targetHints":{"allow":["GET"]}}],"collection":[{"href":"https:\/\/www.simpa.sk\/de\/wp-json\/wp\/v2\/product"}],"about":[{"href":"https:\/\/www.simpa.sk\/de\/wp-json\/wp\/v2\/types\/product"}],"wp:featuredmedia":[{"embeddable":true,"href":"https:\/\/www.simpa.sk\/de\/wp-json\/wp\/v2\/media\/251443"}],"wp:attachment":[{"href":"https:\/\/www.simpa.sk\/de\/wp-json\/wp\/v2\/media?parent=252814"}],"wp:term":[{"taxonomy":"product_brand","embeddable":true,"href":"https:\/\/www.simpa.sk\/de\/wp-json\/wp\/v2\/product_brand?post=252814"},{"taxonomy":"product_cat","embeddable":true,"href":"https:\/\/www.simpa.sk\/de\/wp-json\/wp\/v2\/product_cat?post=252814"},{"taxonomy":"product_tag","embeddable":true,"href":"https:\/\/www.simpa.sk\/de\/wp-json\/wp\/v2\/product_tag?post=252814"}],"curies":[{"name":"wp","href":"https:\/\/api.w.org\/{rel}","templated":true}]}}