{"id":252813,"date":"2024-02-08T23:56:58","date_gmt":"2024-02-08T22:56:58","guid":{"rendered":"https:\/\/www.simpa.sk\/produkt\/link-l2-160\/"},"modified":"2024-02-08T23:56:58","modified_gmt":"2024-02-08T22:56:58","slug":"link-l2-160","status":"publish","type":"product","link":"https:\/\/www.simpa.sk\/de\/produkt\/link-l2-160\/","title":{"rendered":"LINK \/ L2-160"},"content":{"rendered":"<p>LINK ist ein Trennwandsystem, mit dem Sie dank seiner Modularit\u00e4t R\u00e4ume<br \/>voller Komfort und Privatsph\u00e4re schaffen k\u00f6nnen. Es bietet unz\u00e4hlige m\u00f6gliche Konfigurationen<\/p>\n<p><strong>L2-160<\/strong> &#8211; Arbeitsplatz f\u00fcr 2 Personen, vollgepolsterte W\u00e4nde, Tischplatte B.160 cm<\/p>\n","protected":false},"excerpt":{"rendered":"<p>LINK ist ein Trennwandsystem, mit dem Sie dank seiner Modularit\u00e4t R\u00e4umevoller Komfort und Privatsph\u00e4re schaffen k\u00f6nnen. Es bietet unz\u00e4hlige m\u00f6gliche Konfigurationen L2-160 &#8211; Arbeitsplatz f\u00fcr 2 Personen, vollgepolsterte W\u00e4nde, Tischplatte B.160 cm<\/p>\n","protected":false},"featured_media":251262,"template":"","meta":{"_acf_changed":false,"_et_pb_use_builder":"","_et_pb_old_content":"","_et_gb_content_width":"","inline_featured_image":false},"product_brand":[],"product_cat":[300],"product_tag":[],"class_list":{"0":"post-252813","1":"product","2":"type-product","3":"status-publish","4":"has-post-thumbnail","6":"product_cat-link-de","8":"first","9":"instock","10":"taxable","11":"shipping-taxable","12":"product-type-simple"},"acf":[],"_links":{"self":[{"href":"https:\/\/www.simpa.sk\/de\/wp-json\/wp\/v2\/product\/252813","targetHints":{"allow":["GET"]}}],"collection":[{"href":"https:\/\/www.simpa.sk\/de\/wp-json\/wp\/v2\/product"}],"about":[{"href":"https:\/\/www.simpa.sk\/de\/wp-json\/wp\/v2\/types\/product"}],"wp:featuredmedia":[{"embeddable":true,"href":"https:\/\/www.simpa.sk\/de\/wp-json\/wp\/v2\/media\/251262"}],"wp:attachment":[{"href":"https:\/\/www.simpa.sk\/de\/wp-json\/wp\/v2\/media?parent=252813"}],"wp:term":[{"taxonomy":"product_brand","embeddable":true,"href":"https:\/\/www.simpa.sk\/de\/wp-json\/wp\/v2\/product_brand?post=252813"},{"taxonomy":"product_cat","embeddable":true,"href":"https:\/\/www.simpa.sk\/de\/wp-json\/wp\/v2\/product_cat?post=252813"},{"taxonomy":"product_tag","embeddable":true,"href":"https:\/\/www.simpa.sk\/de\/wp-json\/wp\/v2\/product_tag?post=252813"}],"curies":[{"name":"wp","href":"https:\/\/api.w.org\/{rel}","templated":true}]}}