{"id":252804,"date":"2024-02-05T21:14:39","date_gmt":"2024-02-05T20:14:39","guid":{"rendered":"https:\/\/www.simpa.sk\/produkt\/wave-work-1\/"},"modified":"2024-02-05T21:14:39","modified_gmt":"2024-02-05T20:14:39","slug":"wave-work-1","status":"publish","type":"product","link":"https:\/\/www.simpa.sk\/de\/produkt\/wave-work-1\/","title":{"rendered":"WAVE WORK \/ 1"},"content":{"rendered":"<p>Arbeitspl\u00e4tze mit vollgepolsterten W\u00e4nden mit dem akustischen Schaum<\/p>\n<p>WAVE WORK\/1 &#8211; Arbeitsplatz f\u00fcr 1 Person, die L-linkeoder R-rechte Version<br \/>Arbeitsfl\u00e4che &#8211; 100 x 60 cm, h\u00f6he: 74 cm, weisse DTD Spanplatte, Dicke 25 mm, ABS Kante 2 mm<\/p>\n","protected":false},"excerpt":{"rendered":"<p>Arbeitspl\u00e4tze mit vollgepolsterten W\u00e4nden mit dem akustischen Schaum WAVE WORK\/1 &#8211; Arbeitsplatz f\u00fcr 1 Person, die L-linkeoder R-rechte VersionArbeitsfl\u00e4che &#8211; 100 x 60 cm, h\u00f6he: 74 cm, weisse DTD Spanplatte, Dicke 25 mm, ABS Kante 2 mm<\/p>\n","protected":false},"featured_media":250146,"template":"","meta":{"_acf_changed":false,"_et_pb_use_builder":"","_et_pb_old_content":"","_et_gb_content_width":"","inline_featured_image":false},"product_brand":[],"product_cat":[308],"product_tag":[],"class_list":{"0":"post-252804","1":"product","2":"type-product","3":"status-publish","4":"has-post-thumbnail","6":"product_cat-wave-work-de","8":"first","9":"instock","10":"taxable","11":"shipping-taxable","12":"product-type-simple"},"acf":[],"_links":{"self":[{"href":"https:\/\/www.simpa.sk\/de\/wp-json\/wp\/v2\/product\/252804","targetHints":{"allow":["GET"]}}],"collection":[{"href":"https:\/\/www.simpa.sk\/de\/wp-json\/wp\/v2\/product"}],"about":[{"href":"https:\/\/www.simpa.sk\/de\/wp-json\/wp\/v2\/types\/product"}],"wp:featuredmedia":[{"embeddable":true,"href":"https:\/\/www.simpa.sk\/de\/wp-json\/wp\/v2\/media\/250146"}],"wp:attachment":[{"href":"https:\/\/www.simpa.sk\/de\/wp-json\/wp\/v2\/media?parent=252804"}],"wp:term":[{"taxonomy":"product_brand","embeddable":true,"href":"https:\/\/www.simpa.sk\/de\/wp-json\/wp\/v2\/product_brand?post=252804"},{"taxonomy":"product_cat","embeddable":true,"href":"https:\/\/www.simpa.sk\/de\/wp-json\/wp\/v2\/product_cat?post=252804"},{"taxonomy":"product_tag","embeddable":true,"href":"https:\/\/www.simpa.sk\/de\/wp-json\/wp\/v2\/product_tag?post=252804"}],"curies":[{"name":"wp","href":"https:\/\/api.w.org\/{rel}","templated":true}]}}