{"id":252617,"date":"2024-02-05T01:44:53","date_gmt":"2024-02-05T00:44:53","guid":{"rendered":"https:\/\/www.simpa.sk\/produkt\/scope-meeting\/"},"modified":"2024-02-05T01:44:53","modified_gmt":"2024-02-05T00:44:53","slug":"scope-meeting","status":"publish","type":"product","link":"https:\/\/www.simpa.sk\/de\/produkt\/scope-meeting\/","title":{"rendered":"SCOPE MEETING"},"content":{"rendered":"<p>kompakte Besprechungsbox f\u00fcr 4 Personen<br \/>vollgepolst\u00e4rte B\u00e4nke mit hohen R\u00fcckenlehnen,<br \/>Kaltschaum verst\u00e4rkt mit Stahlrahmen<br \/>Holzgestell, Esche<br \/>Tisch 113 x 80 cm, St\u00e4rke 4 cm,<br \/>Zentralfuss schwarz<br \/>Steckdose 230 V, USB<\/p>\n<p>Optionen &#8211; Aufpreis<br \/>Monitorhalterung<\/p>\n","protected":false},"excerpt":{"rendered":"<p>kompakte Besprechungsbox f\u00fcr 4 Personenvollgepolst\u00e4rte B\u00e4nke mit hohen R\u00fcckenlehnen,Kaltschaum verst\u00e4rkt mit StahlrahmenHolzgestell, EscheTisch 113 x 80 cm, St\u00e4rke 4 cm,Zentralfuss schwarzSteckdose 230 V, USB Optionen &#8211; AufpreisMonitorhalterung<\/p>\n","protected":false},"featured_media":249921,"template":"","meta":{"_acf_changed":false,"_et_pb_use_builder":"","_et_pb_old_content":"","_et_gb_content_width":"","inline_featured_image":false},"product_brand":[],"product_cat":[301],"product_tag":[],"class_list":{"0":"post-252617","1":"product","2":"type-product","3":"status-publish","4":"has-post-thumbnail","6":"product_cat-scope-meeting-de","8":"first","9":"instock","10":"taxable","11":"shipping-taxable","12":"product-type-simple"},"acf":[],"_links":{"self":[{"href":"https:\/\/www.simpa.sk\/de\/wp-json\/wp\/v2\/product\/252617","targetHints":{"allow":["GET"]}}],"collection":[{"href":"https:\/\/www.simpa.sk\/de\/wp-json\/wp\/v2\/product"}],"about":[{"href":"https:\/\/www.simpa.sk\/de\/wp-json\/wp\/v2\/types\/product"}],"wp:featuredmedia":[{"embeddable":true,"href":"https:\/\/www.simpa.sk\/de\/wp-json\/wp\/v2\/media\/249921"}],"wp:attachment":[{"href":"https:\/\/www.simpa.sk\/de\/wp-json\/wp\/v2\/media?parent=252617"}],"wp:term":[{"taxonomy":"product_brand","embeddable":true,"href":"https:\/\/www.simpa.sk\/de\/wp-json\/wp\/v2\/product_brand?post=252617"},{"taxonomy":"product_cat","embeddable":true,"href":"https:\/\/www.simpa.sk\/de\/wp-json\/wp\/v2\/product_cat?post=252617"},{"taxonomy":"product_tag","embeddable":true,"href":"https:\/\/www.simpa.sk\/de\/wp-json\/wp\/v2\/product_tag?post=252617"}],"curies":[{"name":"wp","href":"https:\/\/api.w.org\/{rel}","templated":true}]}}