{"id":252614,"date":"2024-02-05T01:28:35","date_gmt":"2024-02-05T00:28:35","guid":{"rendered":"https:\/\/www.simpa.sk\/produkt\/silenzio-oak-phone\/"},"modified":"2024-02-05T01:28:35","modified_gmt":"2024-02-05T00:28:35","slug":"silenzio-oak-phone","status":"publish","type":"product","link":"https:\/\/www.simpa.sk\/de\/produkt\/silenzio-oak-phone\/","title":{"rendered":"SILENZIO OAK PHONE"},"content":{"rendered":"<p>Vollgepolsterter akustische Telefonbox f\u00fcr Privatsph\u00e4re<br \/>und Stille Arbeitsumgebung<\/p>\n<p>gepolsterte W\u00e4nde mit akustischem Material &#8211; <strong>Klasse A<\/strong><br \/>Glaswand und Glast\u00fcr &#8211; Holzrahmen (Eiche) und 10 mm stark<br \/>Schalld\u00e4mendes geh\u00e4rtetes Glass<br \/>1 x Glast\u00fcr, Magnetenverschluss, Edelstahl-griff<br \/><strong>LED<\/strong> Bel\u00e4uchtung 1 x 12 W, 4000 K, <strong>Bewegungssensor<\/strong><br \/><strong>Ventilation<\/strong> &#8211; vollst\u00e4ndiger Luftaustauch in 3 min.<br \/><strong>Steckdose<\/strong> &#8211; 230 V + USB<br \/><strong>Tisch<\/strong> 90 x 30 cm, Eiche<br \/>Doppelboden, <strong>Teppich<\/strong> antrazit<br \/>Montage inklusive<\/p>\n<p>ohne Stuhl<\/p>\n<p><strong>Optionen &#8211; Aufpreis<\/strong><br \/>Barhocker<\/p>\n<p>*kat.2 &#8211; nur Stoff <strong>Fenno\/Bombay<\/strong>, kat.4 &#8211; nur Stoff <strong>Synergy\/Crisp<\/strong><\/p>\n","protected":false},"excerpt":{"rendered":"<p>Vollgepolsterter akustische Telefonbox f\u00fcr Privatsph\u00e4reund Stille Arbeitsumgebung gepolsterte W\u00e4nde mit akustischem Material &#8211; Klasse AGlaswand und Glast\u00fcr &#8211; Holzrahmen (Eiche) und 10 mm starkSchalld\u00e4mendes geh\u00e4rtetes Glass1 x Glast\u00fcr, Magnetenverschluss, Edelstahl-griffLED Bel\u00e4uchtung 1 x 12 W, 4000 K, BewegungssensorVentilation &#8211; vollst\u00e4ndiger Luftaustauch in 3 min.Steckdose &#8211; 230 V + USBTisch 90 x 30 cm, EicheDoppelboden, Teppich [&hellip;]<\/p>\n","protected":false},"featured_media":249886,"template":"","meta":{"_acf_changed":false,"_et_pb_use_builder":"","_et_pb_old_content":"","_et_gb_content_width":"","inline_featured_image":false},"product_brand":[],"product_cat":[290],"product_tag":[],"class_list":{"0":"post-252614","1":"product","2":"type-product","3":"status-publish","4":"has-post-thumbnail","6":"product_cat-silenzio-oak-phone-de","8":"first","9":"instock","10":"taxable","11":"shipping-taxable","12":"product-type-simple"},"acf":[],"_links":{"self":[{"href":"https:\/\/www.simpa.sk\/de\/wp-json\/wp\/v2\/product\/252614","targetHints":{"allow":["GET"]}}],"collection":[{"href":"https:\/\/www.simpa.sk\/de\/wp-json\/wp\/v2\/product"}],"about":[{"href":"https:\/\/www.simpa.sk\/de\/wp-json\/wp\/v2\/types\/product"}],"wp:featuredmedia":[{"embeddable":true,"href":"https:\/\/www.simpa.sk\/de\/wp-json\/wp\/v2\/media\/249886"}],"wp:attachment":[{"href":"https:\/\/www.simpa.sk\/de\/wp-json\/wp\/v2\/media?parent=252614"}],"wp:term":[{"taxonomy":"product_brand","embeddable":true,"href":"https:\/\/www.simpa.sk\/de\/wp-json\/wp\/v2\/product_brand?post=252614"},{"taxonomy":"product_cat","embeddable":true,"href":"https:\/\/www.simpa.sk\/de\/wp-json\/wp\/v2\/product_cat?post=252614"},{"taxonomy":"product_tag","embeddable":true,"href":"https:\/\/www.simpa.sk\/de\/wp-json\/wp\/v2\/product_tag?post=252614"}],"curies":[{"name":"wp","href":"https:\/\/api.w.org\/{rel}","templated":true}]}}