{"id":252612,"date":"2024-02-05T00:45:24","date_gmt":"2024-02-04T23:45:24","guid":{"rendered":"https:\/\/www.simpa.sk\/produkt\/silenzio-oak-lounge-xl\/"},"modified":"2024-03-13T14:44:32","modified_gmt":"2024-03-13T13:44:32","slug":"silenzio-oak-lounge-xl","status":"publish","type":"product","link":"https:\/\/www.simpa.sk\/de\/produkt\/silenzio-oak-lounge-xl\/","title":{"rendered":"SILENZIO OAK LOUNGE XL"},"content":{"rendered":"<p>Besprechungsbox f\u00fcr 4-6 Personen<\/p>\n<p>gepolsterte W\u00e4nde mit akustischem Material &#8211; <strong>Klasse A<\/strong><br \/>Glasw\u00e4nde und Glast\u00fcr &#8211; Holzrahmen (Eiche) und 10 mm stark<br \/>Schalld\u00e4mendes geh\u00e4rtetes Glass<br \/>1 x Glast\u00fcr, Magnetenverschluss, Edelstahl-griff<br \/><strong>LED<\/strong> Bel\u00e4uchtung 3 x 18 W, 4000 K, <strong>Bewegungssensor<\/strong><br \/><strong>Ventilation<\/strong> &#8211; vollst\u00e4ndiger Luftaustauch in 3 min.<br \/><strong>Steckdose<\/strong> &#8211; 230 V + USB + LAN RJ45<br \/>Montage inklusive<\/p>\n<p>ohne Boden<br \/>ohne Tisch, B\u00e4nke und ohne St\u00fchle<\/p>\n<p><strong>Optionen &#8211; Aufpreis<\/strong><br \/>Monitorhalterung<br \/>St\u00fchle<br \/>B\u00e4nke mit Kissen<br \/>Tisch &#8211; <strong>100 x 70<\/strong> cm, 4 Ecken abgerunded R150, Melamin weiss, St. 25 mm, ABS Kante 2 mm, Zentralfuss weiss, Teller quadratisch<\/p>\n<p>*kat.2 &#8211; nur Stoff <strong>Fenno\/Bombay<\/strong>,\u00a0 kat.4 &#8211; nur Stoff <strong>Synergy\/Crisp<\/strong><\/p>\n","protected":false},"excerpt":{"rendered":"<p>Besprechungsbox f\u00fcr 4-6 Personen gepolsterte W\u00e4nde mit akustischem Material &#8211; Klasse AGlasw\u00e4nde und Glast\u00fcr &#8211; Holzrahmen (Eiche) und 10 mm starkSchalld\u00e4mendes geh\u00e4rtetes Glass1 x Glast\u00fcr, Magnetenverschluss, Edelstahl-griffLED Bel\u00e4uchtung 3 x 18 W, 4000 K, BewegungssensorVentilation &#8211; vollst\u00e4ndiger Luftaustauch in 3 min.Steckdose &#8211; 230 V + USB + LAN RJ45Montage inklusive ohne Bodenohne Tisch, B\u00e4nke und [&hellip;]<\/p>\n","protected":false},"featured_media":249848,"template":"","meta":{"_acf_changed":false,"_et_pb_use_builder":"","_et_pb_old_content":"","_et_gb_content_width":"","inline_featured_image":false},"product_brand":[],"product_cat":[288],"product_tag":[],"class_list":{"0":"post-252612","1":"product","2":"type-product","3":"status-publish","4":"has-post-thumbnail","6":"product_cat-silenzio-oak-lounge-xl-de","8":"first","9":"instock","10":"taxable","11":"shipping-taxable","12":"product-type-simple"},"acf":[],"_links":{"self":[{"href":"https:\/\/www.simpa.sk\/de\/wp-json\/wp\/v2\/product\/252612","targetHints":{"allow":["GET"]}}],"collection":[{"href":"https:\/\/www.simpa.sk\/de\/wp-json\/wp\/v2\/product"}],"about":[{"href":"https:\/\/www.simpa.sk\/de\/wp-json\/wp\/v2\/types\/product"}],"wp:featuredmedia":[{"embeddable":true,"href":"https:\/\/www.simpa.sk\/de\/wp-json\/wp\/v2\/media\/249848"}],"wp:attachment":[{"href":"https:\/\/www.simpa.sk\/de\/wp-json\/wp\/v2\/media?parent=252612"}],"wp:term":[{"taxonomy":"product_brand","embeddable":true,"href":"https:\/\/www.simpa.sk\/de\/wp-json\/wp\/v2\/product_brand?post=252612"},{"taxonomy":"product_cat","embeddable":true,"href":"https:\/\/www.simpa.sk\/de\/wp-json\/wp\/v2\/product_cat?post=252612"},{"taxonomy":"product_tag","embeddable":true,"href":"https:\/\/www.simpa.sk\/de\/wp-json\/wp\/v2\/product_tag?post=252612"}],"curies":[{"name":"wp","href":"https:\/\/api.w.org\/{rel}","templated":true}]}}