{"id":252584,"date":"2024-02-06T23:55:10","date_gmt":"2024-02-06T22:55:10","guid":{"rendered":"https:\/\/www.simpa.sk\/produkt\/venezia-up-k10\/"},"modified":"2024-02-06T23:55:10","modified_gmt":"2024-02-06T22:55:10","slug":"venezia-up-k10","status":"publish","type":"product","link":"https:\/\/www.simpa.sk\/de\/produkt\/venezia-up-k10\/","title":{"rendered":"VENEZIA UP \/ K10"},"content":{"rendered":"<p>Konferenzstuhl drehbar<br \/><strong>UP<\/strong> &#8211; R\u00fcckenlehne gepolstert, gesteppt (verf\u00fcgbar nur in <strong>Phoenix<\/strong>, <strong>Era<\/strong> oder <strong>Tonal<\/strong>)<br \/>Sitz gepolstert<br \/>Stuhlrahmen verchromt mit Armlehnen, Armauflage Kunststoff schwarz<br \/>Mechanik f\u00fcr die H\u00f6heneinstellung, Gasfeder verchromt<br \/><strong>K10<\/strong> &#8211; Fu\u00dfkreuz Aluminium poliert, Rollen <strong>D.60G<\/strong><\/p>\n","protected":false},"excerpt":{"rendered":"<p>Konferenzstuhl drehbarUP &#8211; R\u00fcckenlehne gepolstert, gesteppt (verf\u00fcgbar nur in Phoenix, Era oder Tonal)Sitz gepolstertStuhlrahmen verchromt mit Armlehnen, Armauflage Kunststoff schwarzMechanik f\u00fcr die H\u00f6heneinstellung, Gasfeder verchromtK10 &#8211; Fu\u00dfkreuz Aluminium poliert, Rollen D.60G<\/p>\n","protected":false},"featured_media":250583,"template":"","meta":{"_acf_changed":false,"_et_pb_use_builder":"","_et_pb_old_content":"","_et_gb_content_width":"","inline_featured_image":false},"product_brand":[],"product_cat":[371],"product_tag":[],"class_list":{"0":"post-252584","1":"product","2":"type-product","3":"status-publish","4":"has-post-thumbnail","6":"product_cat-venezia-de","8":"first","9":"instock","10":"taxable","11":"shipping-taxable","12":"product-type-simple"},"acf":[],"_links":{"self":[{"href":"https:\/\/www.simpa.sk\/de\/wp-json\/wp\/v2\/product\/252584","targetHints":{"allow":["GET"]}}],"collection":[{"href":"https:\/\/www.simpa.sk\/de\/wp-json\/wp\/v2\/product"}],"about":[{"href":"https:\/\/www.simpa.sk\/de\/wp-json\/wp\/v2\/types\/product"}],"wp:featuredmedia":[{"embeddable":true,"href":"https:\/\/www.simpa.sk\/de\/wp-json\/wp\/v2\/media\/250583"}],"wp:attachment":[{"href":"https:\/\/www.simpa.sk\/de\/wp-json\/wp\/v2\/media?parent=252584"}],"wp:term":[{"taxonomy":"product_brand","embeddable":true,"href":"https:\/\/www.simpa.sk\/de\/wp-json\/wp\/v2\/product_brand?post=252584"},{"taxonomy":"product_cat","embeddable":true,"href":"https:\/\/www.simpa.sk\/de\/wp-json\/wp\/v2\/product_cat?post=252584"},{"taxonomy":"product_tag","embeddable":true,"href":"https:\/\/www.simpa.sk\/de\/wp-json\/wp\/v2\/product_tag?post=252584"}],"curies":[{"name":"wp","href":"https:\/\/api.w.org\/{rel}","templated":true}]}}