{"id":252581,"date":"2024-02-06T23:43:10","date_gmt":"2024-02-06T22:43:10","guid":{"rendered":"https:\/\/www.simpa.sk\/produkt\/venezia-net-k10\/"},"modified":"2024-02-06T23:43:10","modified_gmt":"2024-02-06T22:43:10","slug":"venezia-net-k10","status":"publish","type":"product","link":"https:\/\/www.simpa.sk\/de\/produkt\/venezia-net-k10\/","title":{"rendered":"VENEZIA NET \/ K10"},"content":{"rendered":"<p>Konferenzstuhl drehbar<br \/><strong>NET<\/strong> &#8211; Netzr\u00fcckenlehne <strong>NET B<\/strong> oder <strong>NET T<\/strong> (Tale)<br \/>Sitz gepolstert<br \/>Stuhlrahmen verchromt mit Armlehnen, Armauflage Kunststoff schwarz<br \/>Mechanik f\u00fcr die H\u00f6heneinstellung, Gasfeder verchromt<br \/><strong>K10<\/strong> &#8211; Fu\u00dfkreuz Aluminium poliert, Rollen <strong>D.60G<\/strong><\/p>\n","protected":false},"excerpt":{"rendered":"<p>Konferenzstuhl drehbarNET &#8211; Netzr\u00fcckenlehne NET B oder NET T (Tale)Sitz gepolstertStuhlrahmen verchromt mit Armlehnen, Armauflage Kunststoff schwarzMechanik f\u00fcr die H\u00f6heneinstellung, Gasfeder verchromtK10 &#8211; Fu\u00dfkreuz Aluminium poliert, Rollen D.60G<\/p>\n","protected":false},"featured_media":250568,"template":"","meta":{"_acf_changed":false,"_et_pb_use_builder":"","_et_pb_old_content":"","_et_gb_content_width":"","inline_featured_image":false},"product_brand":[],"product_cat":[371],"product_tag":[],"class_list":{"0":"post-252581","1":"product","2":"type-product","3":"status-publish","4":"has-post-thumbnail","6":"product_cat-venezia-de","8":"first","9":"instock","10":"taxable","11":"shipping-taxable","12":"product-type-simple"},"acf":[],"_links":{"self":[{"href":"https:\/\/www.simpa.sk\/de\/wp-json\/wp\/v2\/product\/252581","targetHints":{"allow":["GET"]}}],"collection":[{"href":"https:\/\/www.simpa.sk\/de\/wp-json\/wp\/v2\/product"}],"about":[{"href":"https:\/\/www.simpa.sk\/de\/wp-json\/wp\/v2\/types\/product"}],"wp:featuredmedia":[{"embeddable":true,"href":"https:\/\/www.simpa.sk\/de\/wp-json\/wp\/v2\/media\/250568"}],"wp:attachment":[{"href":"https:\/\/www.simpa.sk\/de\/wp-json\/wp\/v2\/media?parent=252581"}],"wp:term":[{"taxonomy":"product_brand","embeddable":true,"href":"https:\/\/www.simpa.sk\/de\/wp-json\/wp\/v2\/product_brand?post=252581"},{"taxonomy":"product_cat","embeddable":true,"href":"https:\/\/www.simpa.sk\/de\/wp-json\/wp\/v2\/product_cat?post=252581"},{"taxonomy":"product_tag","embeddable":true,"href":"https:\/\/www.simpa.sk\/de\/wp-json\/wp\/v2\/product_tag?post=252581"}],"curies":[{"name":"wp","href":"https:\/\/api.w.org\/{rel}","templated":true}]}}