{"id":252576,"date":"2024-02-07T21:40:55","date_gmt":"2024-02-07T20:40:55","guid":{"rendered":"https:\/\/www.simpa.sk\/produkt\/verona-k10-bi-mec-p\/"},"modified":"2024-02-07T21:40:55","modified_gmt":"2024-02-07T20:40:55","slug":"verona-k10-bi-mec-p","status":"publish","type":"product","link":"https:\/\/www.simpa.sk\/de\/produkt\/verona-k10-bi-mec-p\/","title":{"rendered":"VERONA \/ K10-BI-MEC-P"},"content":{"rendered":"<p>Konferenzstuhl drehbar<br \/>Netzr\u00fcckenlehne &#8211; Netz schwarz<br \/><strong>BI<\/strong> &#8211; weisse Version &#8211; Stuhlrahmen mit Armlehnen<br \/>Sitz gepolstert<br \/><strong>MEC-P<\/strong> &#8211; Mechanik f\u00fcr die H\u00f6heneinstellung<br \/><strong>K10<\/strong> &#8211; Fu\u00dfkreuz Aluminium poliert, Rollen <strong>D.60G<\/strong><\/p>\n","protected":false},"excerpt":{"rendered":"<p>Konferenzstuhl drehbarNetzr\u00fcckenlehne &#8211; Netz schwarzBI &#8211; weisse Version &#8211; Stuhlrahmen mit ArmlehnenSitz gepolstertMEC-P &#8211; Mechanik f\u00fcr die H\u00f6heneinstellungK10 &#8211; Fu\u00dfkreuz Aluminium poliert, Rollen D.60G<\/p>\n","protected":false},"featured_media":250990,"template":"","meta":{"_acf_changed":false,"_et_pb_use_builder":"","_et_pb_old_content":"","_et_gb_content_width":"","inline_featured_image":false},"product_brand":[],"product_cat":[373],"product_tag":[],"class_list":{"0":"post-252576","1":"product","2":"type-product","3":"status-publish","4":"has-post-thumbnail","6":"product_cat-verona-de","8":"first","9":"instock","10":"taxable","11":"shipping-taxable","12":"product-type-simple"},"acf":[],"_links":{"self":[{"href":"https:\/\/www.simpa.sk\/de\/wp-json\/wp\/v2\/product\/252576","targetHints":{"allow":["GET"]}}],"collection":[{"href":"https:\/\/www.simpa.sk\/de\/wp-json\/wp\/v2\/product"}],"about":[{"href":"https:\/\/www.simpa.sk\/de\/wp-json\/wp\/v2\/types\/product"}],"wp:featuredmedia":[{"embeddable":true,"href":"https:\/\/www.simpa.sk\/de\/wp-json\/wp\/v2\/media\/250990"}],"wp:attachment":[{"href":"https:\/\/www.simpa.sk\/de\/wp-json\/wp\/v2\/media?parent=252576"}],"wp:term":[{"taxonomy":"product_brand","embeddable":true,"href":"https:\/\/www.simpa.sk\/de\/wp-json\/wp\/v2\/product_brand?post=252576"},{"taxonomy":"product_cat","embeddable":true,"href":"https:\/\/www.simpa.sk\/de\/wp-json\/wp\/v2\/product_cat?post=252576"},{"taxonomy":"product_tag","embeddable":true,"href":"https:\/\/www.simpa.sk\/de\/wp-json\/wp\/v2\/product_tag?post=252576"}],"curies":[{"name":"wp","href":"https:\/\/api.w.org\/{rel}","templated":true}]}}