{"id":252570,"date":"2024-02-07T20:34:32","date_gmt":"2024-02-07T19:34:32","guid":{"rendered":"https:\/\/www.simpa.sk\/produkt\/verona-kk-ne-mec-dna\/"},"modified":"2024-02-07T20:34:32","modified_gmt":"2024-02-07T19:34:32","slug":"verona-kk-ne-mec-dna","status":"publish","type":"product","link":"https:\/\/www.simpa.sk\/de\/produkt\/verona-kk-ne-mec-dna\/","title":{"rendered":"VERONA \/ KK-NE-MEC-DNA"},"content":{"rendered":"<p>Konferenzstuhl drehbar<br \/>Netzr\u00fcckenlehne &#8211; Netz schwarz<br \/><strong>NE<\/strong> &#8211; schwarze Version &#8211; Stuhlrahmen mit Armlehnen, Fu\u00dfkreuz<br \/>Sitz gepolstert<br \/><strong>MEC-DNA<\/strong> &#8211; Wippmechanik ohne Arretierung, H\u00f6heneinstellung<br \/>Fu\u00dfkreuz Nylon <strong>KK<\/strong>, Rollen <strong>D.65U<\/strong> universal<\/p>\n","protected":false},"excerpt":{"rendered":"<p>Konferenzstuhl drehbarNetzr\u00fcckenlehne &#8211; Netz schwarzNE &#8211; schwarze Version &#8211; Stuhlrahmen mit Armlehnen, Fu\u00dfkreuzSitz gepolstertMEC-DNA &#8211; Wippmechanik ohne Arretierung, H\u00f6heneinstellungFu\u00dfkreuz Nylon KK, Rollen D.65U universal<\/p>\n","protected":false},"featured_media":250976,"template":"","meta":{"_acf_changed":false,"_et_pb_use_builder":"","_et_pb_old_content":"","_et_gb_content_width":"","inline_featured_image":false},"product_brand":[],"product_cat":[373],"product_tag":[],"class_list":{"0":"post-252570","1":"product","2":"type-product","3":"status-publish","4":"has-post-thumbnail","6":"product_cat-verona-de","8":"first","9":"instock","10":"taxable","11":"shipping-taxable","12":"product-type-simple"},"acf":[],"_links":{"self":[{"href":"https:\/\/www.simpa.sk\/de\/wp-json\/wp\/v2\/product\/252570","targetHints":{"allow":["GET"]}}],"collection":[{"href":"https:\/\/www.simpa.sk\/de\/wp-json\/wp\/v2\/product"}],"about":[{"href":"https:\/\/www.simpa.sk\/de\/wp-json\/wp\/v2\/types\/product"}],"wp:featuredmedia":[{"embeddable":true,"href":"https:\/\/www.simpa.sk\/de\/wp-json\/wp\/v2\/media\/250976"}],"wp:attachment":[{"href":"https:\/\/www.simpa.sk\/de\/wp-json\/wp\/v2\/media?parent=252570"}],"wp:term":[{"taxonomy":"product_brand","embeddable":true,"href":"https:\/\/www.simpa.sk\/de\/wp-json\/wp\/v2\/product_brand?post=252570"},{"taxonomy":"product_cat","embeddable":true,"href":"https:\/\/www.simpa.sk\/de\/wp-json\/wp\/v2\/product_cat?post=252570"},{"taxonomy":"product_tag","embeddable":true,"href":"https:\/\/www.simpa.sk\/de\/wp-json\/wp\/v2\/product_tag?post=252570"}],"curies":[{"name":"wp","href":"https:\/\/api.w.org\/{rel}","templated":true}]}}