{"id":252561,"date":"2024-02-08T21:25:47","date_gmt":"2024-02-08T20:25:47","guid":{"rendered":"https:\/\/www.simpa.sk\/produkt\/spring-24-7-apt-fn\/"},"modified":"2024-03-13T08:52:42","modified_gmt":"2024-03-13T07:52:42","slug":"spring-24-7-apt-fn","status":"publish","type":"product","link":"https:\/\/www.simpa.sk\/de\/produkt\/spring-24-7-apt-fn\/","title":{"rendered":"SPRING 24\/7 \/ APT-FN"},"content":{"rendered":"<p>Drehstuhl f\u00fcr <strong>24\/7<\/strong> Verwendung<br \/><strong>APT<\/strong> &#8211; hohe R\u00fcckenlehne mit <strong>2D<\/strong> einstellbarer Kopfst\u00fctze<br \/>vollgepolsterte R\u00fcckenlehne, Kunststoff-Abdeckung, gepolsterter Sitz<br \/><strong>FN<\/strong> &#8211; schwarze Version &#8211; Kopfst\u00fctze, Abdeckung der R\u00fcckenlehne, Fu\u00dfkreuz<br \/><strong>PP<\/strong> &#8211; Schiebesitz<br \/><strong>SY FLEX<\/strong> &#8211; Synchromechnik mit schneller seitlicher<br \/>Gewichtseinstellung und individueller Sitzneigeverstellung<br \/><strong>5D<\/strong> einstellbare Armlehnen <strong>BR385<\/strong><br \/><strong>UpDown<\/strong> &#8211; h\u00f6henverstellbare R\u00fcckenlehne<br \/><strong>K10<\/strong> &#8211; Fu\u00dfkreuz Aluminium poliert<br \/>Rollen <strong>D.60G<\/strong><br \/>Stoff <strong>PURE<\/strong> &#8211; 100% polyamid, Scheuerfestigkeit <strong>500.000 MD<\/strong> Zyklen<br \/>Feuersicherung EN1021-1,2<\/p>\n","protected":false},"excerpt":{"rendered":"<p>Drehstuhl f\u00fcr 24\/7 VerwendungAPT &#8211; hohe R\u00fcckenlehne mit 2D einstellbarer Kopfst\u00fctzevollgepolsterte R\u00fcckenlehne, Kunststoff-Abdeckung, gepolsterter SitzFN &#8211; schwarze Version &#8211; Kopfst\u00fctze, Abdeckung der R\u00fcckenlehne, Fu\u00dfkreuzPP &#8211; SchiebesitzSY FLEX &#8211; Synchromechnik mit schneller seitlicherGewichtseinstellung und individueller Sitzneigeverstellung5D einstellbare Armlehnen BR385UpDown &#8211; h\u00f6henverstellbare R\u00fcckenlehneK10 &#8211; Fu\u00dfkreuz Aluminium poliertRollen D.60GStoff PURE &#8211; 100% polyamid, Scheuerfestigkeit 500.000 MD ZyklenFeuersicherung EN1021-1,2<\/p>\n","protected":false},"featured_media":251186,"template":"","meta":{"_acf_changed":false,"_et_pb_use_builder":"","_et_pb_old_content":"","_et_gb_content_width":"","inline_featured_image":false},"product_brand":[],"product_cat":[376],"product_tag":[],"class_list":{"0":"post-252561","1":"product","2":"type-product","3":"status-publish","4":"has-post-thumbnail","6":"product_cat-spring-de","8":"first","9":"instock","10":"taxable","11":"shipping-taxable","12":"product-type-simple"},"acf":[],"_links":{"self":[{"href":"https:\/\/www.simpa.sk\/de\/wp-json\/wp\/v2\/product\/252561","targetHints":{"allow":["GET"]}}],"collection":[{"href":"https:\/\/www.simpa.sk\/de\/wp-json\/wp\/v2\/product"}],"about":[{"href":"https:\/\/www.simpa.sk\/de\/wp-json\/wp\/v2\/types\/product"}],"wp:featuredmedia":[{"embeddable":true,"href":"https:\/\/www.simpa.sk\/de\/wp-json\/wp\/v2\/media\/251186"}],"wp:attachment":[{"href":"https:\/\/www.simpa.sk\/de\/wp-json\/wp\/v2\/media?parent=252561"}],"wp:term":[{"taxonomy":"product_brand","embeddable":true,"href":"https:\/\/www.simpa.sk\/de\/wp-json\/wp\/v2\/product_brand?post=252561"},{"taxonomy":"product_cat","embeddable":true,"href":"https:\/\/www.simpa.sk\/de\/wp-json\/wp\/v2\/product_cat?post=252561"},{"taxonomy":"product_tag","embeddable":true,"href":"https:\/\/www.simpa.sk\/de\/wp-json\/wp\/v2\/product_tag?post=252561"}],"curies":[{"name":"wp","href":"https:\/\/api.w.org\/{rel}","templated":true}]}}