{"id":252559,"date":"2024-02-08T20:37:25","date_gmt":"2024-02-08T19:37:25","guid":{"rendered":"https:\/\/www.simpa.sk\/produkt\/spring-a-fn\/"},"modified":"2024-02-08T20:37:25","modified_gmt":"2024-02-08T19:37:25","slug":"spring-a-fn","status":"publish","type":"product","link":"https:\/\/www.simpa.sk\/de\/produkt\/spring-a-fn\/","title":{"rendered":"SPRING \/ A-FN"},"content":{"rendered":"<p>Drehstuhl ohne Kopfst\u00fctze<br \/><strong>A<\/strong> &#8211; hohe R\u00fcckenlehne<br \/>vollgepolsterte R\u00fcckenlehne, Kunststoff-Abdeckung, gepolsterter Sitz<br \/><strong>FN<\/strong> &#8211; schwarze Version &#8211; Abdeckung der R\u00fcckenlehne, Fu\u00dfkreuz<br \/><strong>SY 359<\/strong> &#8211; Synchromechanik mit individueller Gewichtseinstellung<br \/><strong>UpDown<\/strong> &#8211; h\u00f6henverstellbare R\u00fcckenlehne<br \/>Fu\u00dfkreuz Nylon <strong>KK<\/strong>, Rollen <strong>D.65U<\/strong> universal<br \/>ohne Armlehnen<\/p>\n","protected":false},"excerpt":{"rendered":"<p>Drehstuhl ohne Kopfst\u00fctzeA &#8211; hohe R\u00fcckenlehnevollgepolsterte R\u00fcckenlehne, Kunststoff-Abdeckung, gepolsterter SitzFN &#8211; schwarze Version &#8211; Abdeckung der R\u00fcckenlehne, Fu\u00dfkreuzSY 359 &#8211; Synchromechanik mit individueller GewichtseinstellungUpDown &#8211; h\u00f6henverstellbare R\u00fcckenlehneFu\u00dfkreuz Nylon KK, Rollen D.65U universalohne Armlehnen<\/p>\n","protected":false},"featured_media":251165,"template":"","meta":{"_acf_changed":false,"_et_pb_use_builder":"","_et_pb_old_content":"","_et_gb_content_width":"","inline_featured_image":false},"product_brand":[],"product_cat":[376],"product_tag":[],"class_list":{"0":"post-252559","1":"product","2":"type-product","3":"status-publish","4":"has-post-thumbnail","6":"product_cat-spring-de","8":"first","9":"instock","10":"taxable","11":"shipping-taxable","12":"product-type-simple"},"acf":[],"_links":{"self":[{"href":"https:\/\/www.simpa.sk\/de\/wp-json\/wp\/v2\/product\/252559","targetHints":{"allow":["GET"]}}],"collection":[{"href":"https:\/\/www.simpa.sk\/de\/wp-json\/wp\/v2\/product"}],"about":[{"href":"https:\/\/www.simpa.sk\/de\/wp-json\/wp\/v2\/types\/product"}],"wp:featuredmedia":[{"embeddable":true,"href":"https:\/\/www.simpa.sk\/de\/wp-json\/wp\/v2\/media\/251165"}],"wp:attachment":[{"href":"https:\/\/www.simpa.sk\/de\/wp-json\/wp\/v2\/media?parent=252559"}],"wp:term":[{"taxonomy":"product_brand","embeddable":true,"href":"https:\/\/www.simpa.sk\/de\/wp-json\/wp\/v2\/product_brand?post=252559"},{"taxonomy":"product_cat","embeddable":true,"href":"https:\/\/www.simpa.sk\/de\/wp-json\/wp\/v2\/product_cat?post=252559"},{"taxonomy":"product_tag","embeddable":true,"href":"https:\/\/www.simpa.sk\/de\/wp-json\/wp\/v2\/product_tag?post=252559"}],"curies":[{"name":"wp","href":"https:\/\/api.w.org\/{rel}","templated":true}]}}