{"id":252554,"date":"2024-02-07T19:54:41","date_gmt":"2024-02-07T18:54:41","guid":{"rendered":"https:\/\/www.simpa.sk\/produkt\/sofia-apt\/"},"modified":"2024-03-13T08:39:38","modified_gmt":"2024-03-13T07:39:38","slug":"sofia-apt","status":"publish","type":"product","link":"https:\/\/www.simpa.sk\/de\/produkt\/sofia-apt\/","title":{"rendered":"SOFIA \/ APT"},"content":{"rendered":"<p>Drehstuhl<br \/><strong>APT<\/strong> &#8211; hohe R\u00fcckenlehne mit einstellbarer Kopfst\u00fctze, schwarz<br \/>Netzr\u00fcckenlehne &#8211; schwarz<br \/>Sitz gepolstert<br \/><strong>SY 359<\/strong> &#8211; Synchromechanik mit individueller Gewichtseinstellung<br \/>h\u00f6henverstellbare Lordosenst\u00fctze<br \/>Fu\u00dfkreuz Nylon <strong>KK<\/strong> schwarz, Rollen <strong>D.65U<\/strong> universal<br \/>ohne Armlehnen<\/p>\n","protected":false},"excerpt":{"rendered":"<p>DrehstuhlAPT &#8211; hohe R\u00fcckenlehne mit einstellbarer Kopfst\u00fctze, schwarzNetzr\u00fcckenlehne &#8211; schwarzSitz gepolstertSY 359 &#8211; Synchromechanik mit individueller Gewichtseinstellungh\u00f6henverstellbare Lordosenst\u00fctzeFu\u00dfkreuz Nylon KK schwarz, Rollen D.65U universalohne Armlehnen<\/p>\n","protected":false},"featured_media":250905,"template":"","meta":{"_acf_changed":false,"_et_pb_use_builder":"","_et_pb_old_content":"","_et_gb_content_width":"","inline_featured_image":false},"product_brand":[],"product_cat":[375],"product_tag":[],"class_list":{"0":"post-252554","1":"product","2":"type-product","3":"status-publish","4":"has-post-thumbnail","6":"product_cat-sofia-de","8":"first","9":"instock","10":"taxable","11":"shipping-taxable","12":"product-type-simple"},"acf":[],"_links":{"self":[{"href":"https:\/\/www.simpa.sk\/de\/wp-json\/wp\/v2\/product\/252554","targetHints":{"allow":["GET"]}}],"collection":[{"href":"https:\/\/www.simpa.sk\/de\/wp-json\/wp\/v2\/product"}],"about":[{"href":"https:\/\/www.simpa.sk\/de\/wp-json\/wp\/v2\/types\/product"}],"wp:featuredmedia":[{"embeddable":true,"href":"https:\/\/www.simpa.sk\/de\/wp-json\/wp\/v2\/media\/250905"}],"wp:attachment":[{"href":"https:\/\/www.simpa.sk\/de\/wp-json\/wp\/v2\/media?parent=252554"}],"wp:term":[{"taxonomy":"product_brand","embeddable":true,"href":"https:\/\/www.simpa.sk\/de\/wp-json\/wp\/v2\/product_brand?post=252554"},{"taxonomy":"product_cat","embeddable":true,"href":"https:\/\/www.simpa.sk\/de\/wp-json\/wp\/v2\/product_cat?post=252554"},{"taxonomy":"product_tag","embeddable":true,"href":"https:\/\/www.simpa.sk\/de\/wp-json\/wp\/v2\/product_tag?post=252554"}],"curies":[{"name":"wp","href":"https:\/\/api.w.org\/{rel}","templated":true}]}}