{"id":252547,"date":"2024-02-07T23:46:12","date_gmt":"2024-02-07T22:46:12","guid":{"rendered":"https:\/\/www.simpa.sk\/produkt\/myrtos-up-a-fb\/"},"modified":"2024-03-13T08:31:39","modified_gmt":"2024-03-13T07:31:39","slug":"myrtos-up-a-fb","status":"publish","type":"product","link":"https:\/\/www.simpa.sk\/de\/produkt\/myrtos-up-a-fb\/","title":{"rendered":"MYRTOS UP \/ A-FB"},"content":{"rendered":"<p>Drehstuhl<br \/><strong>UP<\/strong> &#8211; gepolsterter Sitz und R\u00fcckenlehne gesteppt (verf\u00fcgbar nur in <strong>Phoenix<\/strong>, <strong>Era<\/strong> oder <strong>Tonal<\/strong>)<br \/><strong>A<\/strong> &#8211; hohe R\u00fcckenlehne<br \/><strong>FB<\/strong> &#8211; weisse Version &#8211; Lehnenrahmen, Fu\u00dfkreuz<br \/><strong>SY 359<\/strong> &#8211; Synchromechanik mit individueller Gewichtseinstellung<br \/><strong>UpDown<\/strong> &#8211; h\u00f6henverstellbare R\u00fcckenlehne<br \/>Fu\u00dfkreuz Nylon <strong>KK<\/strong>, Rollen <strong>D.65U<\/strong> universal<br \/>ohne Armlehnen<\/p>\n","protected":false},"excerpt":{"rendered":"<p>DrehstuhlUP &#8211; gepolsterter Sitz und R\u00fcckenlehne gesteppt (verf\u00fcgbar nur in Phoenix, Era oder Tonal)A &#8211; hohe R\u00fcckenlehneFB &#8211; weisse Version &#8211; Lehnenrahmen, Fu\u00dfkreuzSY 359 &#8211; Synchromechanik mit individueller GewichtseinstellungUpDown &#8211; h\u00f6henverstellbare R\u00fcckenlehneFu\u00dfkreuz Nylon KK, Rollen D.65U universalohne Armlehnen<\/p>\n","protected":false},"featured_media":251034,"template":"","meta":{"_acf_changed":false,"_et_pb_use_builder":"","_et_pb_old_content":"","_et_gb_content_width":"","inline_featured_image":false},"product_brand":[],"product_cat":[374],"product_tag":[],"class_list":{"0":"post-252547","1":"product","2":"type-product","3":"status-publish","4":"has-post-thumbnail","6":"product_cat-myrtos-de","8":"first","9":"instock","10":"taxable","11":"shipping-taxable","12":"product-type-simple"},"acf":[],"_links":{"self":[{"href":"https:\/\/www.simpa.sk\/de\/wp-json\/wp\/v2\/product\/252547","targetHints":{"allow":["GET"]}}],"collection":[{"href":"https:\/\/www.simpa.sk\/de\/wp-json\/wp\/v2\/product"}],"about":[{"href":"https:\/\/www.simpa.sk\/de\/wp-json\/wp\/v2\/types\/product"}],"wp:featuredmedia":[{"embeddable":true,"href":"https:\/\/www.simpa.sk\/de\/wp-json\/wp\/v2\/media\/251034"}],"wp:attachment":[{"href":"https:\/\/www.simpa.sk\/de\/wp-json\/wp\/v2\/media?parent=252547"}],"wp:term":[{"taxonomy":"product_brand","embeddable":true,"href":"https:\/\/www.simpa.sk\/de\/wp-json\/wp\/v2\/product_brand?post=252547"},{"taxonomy":"product_cat","embeddable":true,"href":"https:\/\/www.simpa.sk\/de\/wp-json\/wp\/v2\/product_cat?post=252547"},{"taxonomy":"product_tag","embeddable":true,"href":"https:\/\/www.simpa.sk\/de\/wp-json\/wp\/v2\/product_tag?post=252547"}],"curies":[{"name":"wp","href":"https:\/\/api.w.org\/{rel}","templated":true}]}}