{"id":252541,"date":"2024-02-07T17:55:30","date_gmt":"2024-02-07T16:55:30","guid":{"rendered":"https:\/\/www.simpa.sk\/produkt\/orbit-net-a-fn\/"},"modified":"2024-02-07T17:55:30","modified_gmt":"2024-02-07T16:55:30","slug":"orbit-net-a-fn","status":"publish","type":"product","link":"https:\/\/www.simpa.sk\/de\/produkt\/orbit-net-a-fn\/","title":{"rendered":"ORBIT NET \/ A-FN"},"content":{"rendered":"<p>Drehstuhl ohne Kopfst\u00fctze<br \/><strong>A<\/strong> &#8211; hohe R\u00fcckenlehne<br \/><strong>FN<\/strong> &#8211; schwarze Version- Lehnenrahmen, Fu\u00dfkreuz<br \/><strong>NET<\/strong> &#8211; Netzr\u00fcckenlehne <strong>NET R<\/strong> &#8211; Runner<br \/>Sitz gepolstert<br \/><strong>SY 359<\/strong> &#8211; Synchromechanik mit individueller Gewichtseinstellung<br \/><strong>UpDown<\/strong> &#8211; h\u00f6henverstellbare R\u00fcckenlehne<br \/><strong>2D<\/strong> h\u00f6henverstellbare graue Lordosenst\u00fctze<br \/>Fu\u00dfkreuz Nylon <strong>KK<\/strong>, Rollen <strong>D.65U<\/strong> universal<br \/>ohne Armlehnen<\/p>\n","protected":false},"excerpt":{"rendered":"<p>Drehstuhl ohne Kopfst\u00fctzeA &#8211; hohe R\u00fcckenlehneFN &#8211; schwarze Version- Lehnenrahmen, Fu\u00dfkreuzNET &#8211; Netzr\u00fcckenlehne NET R &#8211; RunnerSitz gepolstertSY 359 &#8211; Synchromechanik mit individueller GewichtseinstellungUpDown &#8211; h\u00f6henverstellbare R\u00fcckenlehne2D h\u00f6henverstellbare graue Lordosenst\u00fctzeFu\u00dfkreuz Nylon KK, Rollen D.65U universalohne Armlehnen<\/p>\n","protected":false},"featured_media":250805,"template":"","meta":{"_acf_changed":false,"_et_pb_use_builder":"","_et_pb_old_content":"","_et_gb_content_width":"","inline_featured_image":false},"product_brand":[],"product_cat":[187],"product_tag":[],"class_list":{"0":"post-252541","1":"product","2":"type-product","3":"status-publish","4":"has-post-thumbnail","6":"product_cat-orbit-net-de","8":"first","9":"instock","10":"taxable","11":"shipping-taxable","12":"product-type-simple"},"acf":[],"_links":{"self":[{"href":"https:\/\/www.simpa.sk\/de\/wp-json\/wp\/v2\/product\/252541","targetHints":{"allow":["GET"]}}],"collection":[{"href":"https:\/\/www.simpa.sk\/de\/wp-json\/wp\/v2\/product"}],"about":[{"href":"https:\/\/www.simpa.sk\/de\/wp-json\/wp\/v2\/types\/product"}],"wp:featuredmedia":[{"embeddable":true,"href":"https:\/\/www.simpa.sk\/de\/wp-json\/wp\/v2\/media\/250805"}],"wp:attachment":[{"href":"https:\/\/www.simpa.sk\/de\/wp-json\/wp\/v2\/media?parent=252541"}],"wp:term":[{"taxonomy":"product_brand","embeddable":true,"href":"https:\/\/www.simpa.sk\/de\/wp-json\/wp\/v2\/product_brand?post=252541"},{"taxonomy":"product_cat","embeddable":true,"href":"https:\/\/www.simpa.sk\/de\/wp-json\/wp\/v2\/product_cat?post=252541"},{"taxonomy":"product_tag","embeddable":true,"href":"https:\/\/www.simpa.sk\/de\/wp-json\/wp\/v2\/product_tag?post=252541"}],"curies":[{"name":"wp","href":"https:\/\/api.w.org\/{rel}","templated":true}]}}