{"id":252520,"date":"2024-02-06T23:22:04","date_gmt":"2024-02-06T22:22:04","guid":{"rendered":"https:\/\/www.simpa.sk\/produkt\/slim-black-net-b\/"},"modified":"2024-02-06T23:22:04","modified_gmt":"2024-02-06T22:22:04","slug":"slim-black-net-b","status":"publish","type":"product","link":"https:\/\/www.simpa.sk\/de\/produkt\/slim-black-net-b\/","title":{"rendered":"SLIM BLACK NET \/ B"},"content":{"rendered":"<p>Drehsessel<br \/><strong>NET<\/strong> &#8211; Sitz und R\u00fcckenlehne &#8211; Netz <strong>NET B<\/strong><br \/><strong>B<\/strong> &#8211; mittelhohe R\u00fcckenlehne<br \/>Stahlrahmen schwarz, Armlehnen &#8211; aluminium schwarz<br \/>Mechanik f\u00fcr die Einstellung der Sitzh\u00f6he<br \/>Fu\u00dfkreuz Nylon <strong>KK<\/strong> schwarz, Rollen <strong>D.65U<\/strong> universal<\/p>\n","protected":false},"excerpt":{"rendered":"<p>DrehsesselNET &#8211; Sitz und R\u00fcckenlehne &#8211; Netz NET BB &#8211; mittelhohe R\u00fcckenlehneStahlrahmen schwarz, Armlehnen &#8211; aluminium schwarzMechanik f\u00fcr die Einstellung der Sitzh\u00f6heFu\u00dfkreuz Nylon KK schwarz, Rollen D.65U universal<\/p>\n","protected":false},"featured_media":250535,"template":"","meta":{"_acf_changed":false,"_et_pb_use_builder":"","_et_pb_old_content":"","_et_gb_content_width":"","inline_featured_image":false},"product_brand":[],"product_cat":[367],"product_tag":[],"class_list":{"0":"post-252520","1":"product","2":"type-product","3":"status-publish","4":"has-post-thumbnail","6":"product_cat-slim-de","8":"first","9":"instock","10":"taxable","11":"shipping-taxable","12":"product-type-simple"},"acf":[],"_links":{"self":[{"href":"https:\/\/www.simpa.sk\/de\/wp-json\/wp\/v2\/product\/252520","targetHints":{"allow":["GET"]}}],"collection":[{"href":"https:\/\/www.simpa.sk\/de\/wp-json\/wp\/v2\/product"}],"about":[{"href":"https:\/\/www.simpa.sk\/de\/wp-json\/wp\/v2\/types\/product"}],"wp:featuredmedia":[{"embeddable":true,"href":"https:\/\/www.simpa.sk\/de\/wp-json\/wp\/v2\/media\/250535"}],"wp:attachment":[{"href":"https:\/\/www.simpa.sk\/de\/wp-json\/wp\/v2\/media?parent=252520"}],"wp:term":[{"taxonomy":"product_brand","embeddable":true,"href":"https:\/\/www.simpa.sk\/de\/wp-json\/wp\/v2\/product_brand?post=252520"},{"taxonomy":"product_cat","embeddable":true,"href":"https:\/\/www.simpa.sk\/de\/wp-json\/wp\/v2\/product_cat?post=252520"},{"taxonomy":"product_tag","embeddable":true,"href":"https:\/\/www.simpa.sk\/de\/wp-json\/wp\/v2\/product_tag?post=252520"}],"curies":[{"name":"wp","href":"https:\/\/api.w.org\/{rel}","templated":true}]}}