{"id":252515,"date":"2024-02-06T23:12:22","date_gmt":"2024-02-06T22:12:22","guid":{"rendered":"https:\/\/www.simpa.sk\/produkt\/slim-up-b\/"},"modified":"2024-02-06T23:12:22","modified_gmt":"2024-02-06T22:12:22","slug":"slim-up-b","status":"publish","type":"product","link":"https:\/\/www.simpa.sk\/de\/produkt\/slim-up-b\/","title":{"rendered":"SLIM UP \/ B"},"content":{"rendered":"<p>Drehsessel<br \/><strong>UP<\/strong> &#8211; Schale vollgepolstert, gesteppt<br \/><strong>B<\/strong> &#8211; mittelhohe R\u00fcckenlehne<br \/>Stahlrahmen verchromt, Armlehnen Aluminium poliert<br \/>Mechanik f\u00fcr die Einstellung der Sitzh\u00f6he<br \/>Fu\u00dfkreuz <strong>K10<\/strong> Aluminium poliert, Gasfeder verchromt<br \/>Rollen verchromt <strong>D.50CR<\/strong><\/p>\n","protected":false},"excerpt":{"rendered":"<p>DrehsesselUP &#8211; Schale vollgepolstert, gestepptB &#8211; mittelhohe R\u00fcckenlehneStahlrahmen verchromt, Armlehnen Aluminium poliertMechanik f\u00fcr die Einstellung der Sitzh\u00f6heFu\u00dfkreuz K10 Aluminium poliert, Gasfeder verchromtRollen verchromt D.50CR<\/p>\n","protected":false},"featured_media":250511,"template":"","meta":{"_acf_changed":false,"_et_pb_use_builder":"","_et_pb_old_content":"","_et_gb_content_width":"","inline_featured_image":false},"product_brand":[],"product_cat":[367],"product_tag":[],"class_list":{"0":"post-252515","1":"product","2":"type-product","3":"status-publish","4":"has-post-thumbnail","6":"product_cat-slim-de","8":"first","9":"instock","10":"taxable","11":"shipping-taxable","12":"product-type-simple"},"acf":[],"_links":{"self":[{"href":"https:\/\/www.simpa.sk\/de\/wp-json\/wp\/v2\/product\/252515","targetHints":{"allow":["GET"]}}],"collection":[{"href":"https:\/\/www.simpa.sk\/de\/wp-json\/wp\/v2\/product"}],"about":[{"href":"https:\/\/www.simpa.sk\/de\/wp-json\/wp\/v2\/types\/product"}],"wp:featuredmedia":[{"embeddable":true,"href":"https:\/\/www.simpa.sk\/de\/wp-json\/wp\/v2\/media\/250511"}],"wp:attachment":[{"href":"https:\/\/www.simpa.sk\/de\/wp-json\/wp\/v2\/media?parent=252515"}],"wp:term":[{"taxonomy":"product_brand","embeddable":true,"href":"https:\/\/www.simpa.sk\/de\/wp-json\/wp\/v2\/product_brand?post=252515"},{"taxonomy":"product_cat","embeddable":true,"href":"https:\/\/www.simpa.sk\/de\/wp-json\/wp\/v2\/product_cat?post=252515"},{"taxonomy":"product_tag","embeddable":true,"href":"https:\/\/www.simpa.sk\/de\/wp-json\/wp\/v2\/product_tag?post=252515"}],"curies":[{"name":"wp","href":"https:\/\/api.w.org\/{rel}","templated":true}]}}