{"id":252510,"date":"2024-02-06T22:49:03","date_gmt":"2024-02-06T21:49:03","guid":{"rendered":"https:\/\/www.simpa.sk\/produkt\/soave-m-k10\/"},"modified":"2024-02-06T22:49:03","modified_gmt":"2024-02-06T21:49:03","slug":"soave-m-k10","status":"publish","type":"product","link":"https:\/\/www.simpa.sk\/de\/produkt\/soave-m-k10\/","title":{"rendered":"SOAVE M \/ K10"},"content":{"rendered":"<p>Konferenzsessel<br \/><strong>M<\/strong> &#8211; mittelhohe R\u00fcckenlehne<br \/>vollgepolsterte Schale &#8211; Stahlrahmen + hochwertiger Kaltschaum<br \/><strong>K10<\/strong> &#8211; Fu\u00dfkreuz Aluminium poliert, Rollen <strong>D.60G<\/strong> schwarz,<br \/>drehbar und h\u00f6henverstellbar<\/p>\n","protected":false},"excerpt":{"rendered":"<p>KonferenzsesselM &#8211; mittelhohe R\u00fcckenlehnevollgepolsterte Schale &#8211; Stahlrahmen + hochwertiger KaltschaumK10 &#8211; Fu\u00dfkreuz Aluminium poliert, Rollen D.60G schwarz,drehbar und h\u00f6henverstellbar<\/p>\n","protected":false},"featured_media":250472,"template":"","meta":{"_acf_changed":false,"_et_pb_use_builder":"","_et_pb_old_content":"","_et_gb_content_width":"","inline_featured_image":false},"product_brand":[],"product_cat":[368],"product_tag":[],"class_list":{"0":"post-252510","1":"product","2":"type-product","3":"status-publish","4":"has-post-thumbnail","6":"product_cat-soave-de","8":"first","9":"instock","10":"taxable","11":"shipping-taxable","12":"product-type-simple"},"acf":[],"_links":{"self":[{"href":"https:\/\/www.simpa.sk\/de\/wp-json\/wp\/v2\/product\/252510","targetHints":{"allow":["GET"]}}],"collection":[{"href":"https:\/\/www.simpa.sk\/de\/wp-json\/wp\/v2\/product"}],"about":[{"href":"https:\/\/www.simpa.sk\/de\/wp-json\/wp\/v2\/types\/product"}],"wp:featuredmedia":[{"embeddable":true,"href":"https:\/\/www.simpa.sk\/de\/wp-json\/wp\/v2\/media\/250472"}],"wp:attachment":[{"href":"https:\/\/www.simpa.sk\/de\/wp-json\/wp\/v2\/media?parent=252510"}],"wp:term":[{"taxonomy":"product_brand","embeddable":true,"href":"https:\/\/www.simpa.sk\/de\/wp-json\/wp\/v2\/product_brand?post=252510"},{"taxonomy":"product_cat","embeddable":true,"href":"https:\/\/www.simpa.sk\/de\/wp-json\/wp\/v2\/product_cat?post=252510"},{"taxonomy":"product_tag","embeddable":true,"href":"https:\/\/www.simpa.sk\/de\/wp-json\/wp\/v2\/product_tag?post=252510"}],"curies":[{"name":"wp","href":"https:\/\/api.w.org\/{rel}","templated":true}]}}