{"id":252505,"date":"2024-02-06T22:37:46","date_gmt":"2024-02-06T21:37:46","guid":{"rendered":"https:\/\/www.simpa.sk\/produkt\/soave-m-gl\/"},"modified":"2024-03-11T14:56:55","modified_gmt":"2024-03-11T13:56:55","slug":"soave-m-gl","status":"publish","type":"product","link":"https:\/\/www.simpa.sk\/de\/produkt\/soave-m-gl\/","title":{"rendered":"SOAVE M \/ GL"},"content":{"rendered":"<p>Konferenzsessel<br \/><strong>M<\/strong> &#8211; mittelhohe R\u00fcckenlehne<br \/>vollgepolsterte Schale &#8211; Stahlrahmen + hochwertiger Kaltschaum<br \/><strong>GL<\/strong> &#8211; Vierfu\u00df-Holzgestell, Buche natur, andere Farben m\u00f6glich<\/p>\n","protected":false},"excerpt":{"rendered":"<p>KonferenzsesselM &#8211; mittelhohe R\u00fcckenlehnevollgepolsterte Schale &#8211; Stahlrahmen + hochwertiger KaltschaumGL &#8211; Vierfu\u00df-Holzgestell, Buche natur, andere Farben m\u00f6glich<\/p>\n","protected":false},"featured_media":250449,"template":"","meta":{"_acf_changed":false,"_et_pb_use_builder":"","_et_pb_old_content":"","_et_gb_content_width":"","inline_featured_image":false},"product_brand":[],"product_cat":[368],"product_tag":[],"class_list":{"0":"post-252505","1":"product","2":"type-product","3":"status-publish","4":"has-post-thumbnail","6":"product_cat-soave-de","8":"first","9":"instock","10":"taxable","11":"shipping-taxable","12":"product-type-simple"},"acf":[],"_links":{"self":[{"href":"https:\/\/www.simpa.sk\/de\/wp-json\/wp\/v2\/product\/252505","targetHints":{"allow":["GET"]}}],"collection":[{"href":"https:\/\/www.simpa.sk\/de\/wp-json\/wp\/v2\/product"}],"about":[{"href":"https:\/\/www.simpa.sk\/de\/wp-json\/wp\/v2\/types\/product"}],"wp:featuredmedia":[{"embeddable":true,"href":"https:\/\/www.simpa.sk\/de\/wp-json\/wp\/v2\/media\/250449"}],"wp:attachment":[{"href":"https:\/\/www.simpa.sk\/de\/wp-json\/wp\/v2\/media?parent=252505"}],"wp:term":[{"taxonomy":"product_brand","embeddable":true,"href":"https:\/\/www.simpa.sk\/de\/wp-json\/wp\/v2\/product_brand?post=252505"},{"taxonomy":"product_cat","embeddable":true,"href":"https:\/\/www.simpa.sk\/de\/wp-json\/wp\/v2\/product_cat?post=252505"},{"taxonomy":"product_tag","embeddable":true,"href":"https:\/\/www.simpa.sk\/de\/wp-json\/wp\/v2\/product_tag?post=252505"}],"curies":[{"name":"wp","href":"https:\/\/api.w.org\/{rel}","templated":true}]}}