{"id":252503,"date":"2024-02-06T22:31:03","date_gmt":"2024-02-06T21:31:03","guid":{"rendered":"https:\/\/www.simpa.sk\/produkt\/252503\/"},"modified":"2024-02-06T22:31:03","modified_gmt":"2024-02-06T21:31:03","slug":"252503","status":"publish","type":"product","link":"https:\/\/www.simpa.sk\/de\/produkt\/252503\/","title":{"rendered":""},"content":{"rendered":"<p>B\u00fcrostuhl drehbar<br \/><strong>NET<\/strong> &#8211; Sitz und R\u00fcckenlehne &#8211; Netz <br \/><strong>NET ARUBA<\/strong> &#8211; <strong>1<\/strong> &#8211; schwarz, <strong>2<\/strong> &#8211; grau, <strong>3<\/strong> &#8211; weiss, <strong>4<\/strong> &#8211; blaugrau<br \/><strong>B<\/strong> &#8211; R\u00fcckenlehne mittelhoch<br \/><strong>FB<\/strong> &#8211; weisse Version- Stuhlrahmen, Armlehnen, Fu\u00dfkreuz<br \/>Mechanik f\u00fcr die Einstellung der Sitzh\u00f6he<br \/>Fu\u00dfkreuz Nylon <strong>KX<\/strong><br \/>weiche Rollen <strong>D.65UF<\/strong><br \/><strong>NET ARUBA<\/strong> &#8211; 100% Elastomer das selbstr\u00e4gende Polymermaterial mit der h\u00f6hen Elastizit\u00e4t<br \/>* Netz NET ARUBA nur f\u00fcr Produkten von ARUBA NET<\/p>\n","protected":false},"excerpt":{"rendered":"<p>B\u00fcrostuhl drehbarNET &#8211; Sitz und R\u00fcckenlehne &#8211; Netz NET ARUBA &#8211; 1 &#8211; schwarz, 2 &#8211; grau, 3 &#8211; weiss, 4 &#8211; blaugrauB &#8211; R\u00fcckenlehne mittelhochFB &#8211; weisse Version- Stuhlrahmen, Armlehnen, Fu\u00dfkreuzMechanik f\u00fcr die Einstellung der Sitzh\u00f6heFu\u00dfkreuz Nylon KXweiche Rollen D.65UFNET ARUBA &#8211; 100% Elastomer das selbstr\u00e4gende Polymermaterial mit der h\u00f6hen Elastizit\u00e4t* Netz NET ARUBA [&hellip;]<\/p>\n","protected":false},"featured_media":250420,"template":"","meta":{"_acf_changed":false,"_et_pb_use_builder":"","_et_pb_old_content":"","_et_gb_content_width":"","inline_featured_image":false},"product_brand":[],"product_cat":[71],"product_tag":[],"class_list":{"0":"post-252503","1":"product","2":"type-product","3":"status-publish","4":"has-post-thumbnail","6":"product_cat-aruba-de","8":"first","9":"instock","10":"taxable","11":"shipping-taxable","12":"product-type-simple"},"acf":[],"_links":{"self":[{"href":"https:\/\/www.simpa.sk\/de\/wp-json\/wp\/v2\/product\/252503","targetHints":{"allow":["GET"]}}],"collection":[{"href":"https:\/\/www.simpa.sk\/de\/wp-json\/wp\/v2\/product"}],"about":[{"href":"https:\/\/www.simpa.sk\/de\/wp-json\/wp\/v2\/types\/product"}],"wp:featuredmedia":[{"embeddable":true,"href":"https:\/\/www.simpa.sk\/de\/wp-json\/wp\/v2\/media\/250420"}],"wp:attachment":[{"href":"https:\/\/www.simpa.sk\/de\/wp-json\/wp\/v2\/media?parent=252503"}],"wp:term":[{"taxonomy":"product_brand","embeddable":true,"href":"https:\/\/www.simpa.sk\/de\/wp-json\/wp\/v2\/product_brand?post=252503"},{"taxonomy":"product_cat","embeddable":true,"href":"https:\/\/www.simpa.sk\/de\/wp-json\/wp\/v2\/product_cat?post=252503"},{"taxonomy":"product_tag","embeddable":true,"href":"https:\/\/www.simpa.sk\/de\/wp-json\/wp\/v2\/product_tag?post=252503"}],"curies":[{"name":"wp","href":"https:\/\/api.w.org\/{rel}","templated":true}]}}