{"id":252501,"date":"2024-02-06T22:23:15","date_gmt":"2024-02-06T21:23:15","guid":{"rendered":"https:\/\/www.simpa.sk\/produkt\/aruba-net-a-fb-mec-a\/"},"modified":"2024-02-06T22:23:15","modified_gmt":"2024-02-06T21:23:15","slug":"aruba-net-a-fb-mec-a","status":"publish","type":"product","link":"https:\/\/www.simpa.sk\/de\/produkt\/aruba-net-a-fb-mec-a\/","title":{"rendered":"ARUBA NET \/ A-FB  MEC A"},"content":{"rendered":"<p>B\u00fcrostuhl drehbar<br \/><strong>NET<\/strong> &#8211; Sitz und R\u00fcckenlehne &#8211; Netz <br \/><strong>NET ARUBA<\/strong> &#8211;\u00a0 <strong>1<\/strong> &#8211; schwarz, <strong>2<\/strong> &#8211; grau, <strong>3<\/strong> &#8211; weiss, <strong>4<\/strong> &#8211; blaugrau<br \/><strong>A<\/strong> &#8211; hohe R\u00fcckenlehne<br \/><strong>FB<\/strong> &#8211; weisse Version &#8211; Stuhlrahmen, Armlehnen, Fu\u00dfkreuz<br \/><strong>MEC A<\/strong> &#8211; Wippmechanik arretierbar mit Seitengewichtsverstellung, antishock<br \/>Fu\u00dfkreuz Nylon <strong>KK<\/strong><br \/>weiche Rollen <strong>D.65UF<br \/>NET ARUBA<\/strong> &#8211; 100% Elastomer das selbstr\u00e4gende Polymermaterial mit der h\u00f6hen Elastizit\u00e4t<br \/>* Netz NET ARUBA nur f\u00fcr Produkten von ARUBA NET<\/p>\n","protected":false},"excerpt":{"rendered":"<p>B\u00fcrostuhl drehbarNET &#8211; Sitz und R\u00fcckenlehne &#8211; Netz NET ARUBA &#8211;\u00a0 1 &#8211; schwarz, 2 &#8211; grau, 3 &#8211; weiss, 4 &#8211; blaugrauA &#8211; hohe R\u00fcckenlehneFB &#8211; weisse Version &#8211; Stuhlrahmen, Armlehnen, Fu\u00dfkreuzMEC A &#8211; Wippmechanik arretierbar mit Seitengewichtsverstellung, antishockFu\u00dfkreuz Nylon KKweiche Rollen D.65UFNET ARUBA &#8211; 100% Elastomer das selbstr\u00e4gende Polymermaterial mit der h\u00f6hen Elastizit\u00e4t* [&hellip;]<\/p>\n","protected":false},"featured_media":250378,"template":"","meta":{"_acf_changed":false,"_et_pb_use_builder":"","_et_pb_old_content":"","_et_gb_content_width":"","inline_featured_image":false},"product_brand":[],"product_cat":[71],"product_tag":[],"class_list":{"0":"post-252501","1":"product","2":"type-product","3":"status-publish","4":"has-post-thumbnail","6":"product_cat-aruba-de","8":"first","9":"instock","10":"taxable","11":"shipping-taxable","12":"product-type-simple"},"acf":[],"_links":{"self":[{"href":"https:\/\/www.simpa.sk\/de\/wp-json\/wp\/v2\/product\/252501","targetHints":{"allow":["GET"]}}],"collection":[{"href":"https:\/\/www.simpa.sk\/de\/wp-json\/wp\/v2\/product"}],"about":[{"href":"https:\/\/www.simpa.sk\/de\/wp-json\/wp\/v2\/types\/product"}],"wp:featuredmedia":[{"embeddable":true,"href":"https:\/\/www.simpa.sk\/de\/wp-json\/wp\/v2\/media\/250378"}],"wp:attachment":[{"href":"https:\/\/www.simpa.sk\/de\/wp-json\/wp\/v2\/media?parent=252501"}],"wp:term":[{"taxonomy":"product_brand","embeddable":true,"href":"https:\/\/www.simpa.sk\/de\/wp-json\/wp\/v2\/product_brand?post=252501"},{"taxonomy":"product_cat","embeddable":true,"href":"https:\/\/www.simpa.sk\/de\/wp-json\/wp\/v2\/product_cat?post=252501"},{"taxonomy":"product_tag","embeddable":true,"href":"https:\/\/www.simpa.sk\/de\/wp-json\/wp\/v2\/product_tag?post=252501"}],"curies":[{"name":"wp","href":"https:\/\/api.w.org\/{rel}","templated":true}]}}