{"id":252494,"date":"2024-02-03T21:40:47","date_gmt":"2024-02-03T20:40:47","guid":{"rendered":"https:\/\/www.simpa.sk\/produkt\/252494\/"},"modified":"2024-02-03T21:40:47","modified_gmt":"2024-02-03T20:40:47","slug":"252494","status":"publish","type":"product","link":"https:\/\/www.simpa.sk\/de\/produkt\/252494\/","title":{"rendered":""},"content":{"rendered":"<p>Tischgestell INOX poliert, Bein verchromt, verschiedene H\u00f6hen f\u00fcr Glasplatte oder Holzplatte<br \/><strong>S (SQUARE)<\/strong> &#8211; Tischgestell INOX poliert, Teller quadratisch 485&#215;485 mm, Bein verchromt \u00d8 60 mm<br \/>Holzplattenhalter Aluminium RAL9006<br \/>Halter f\u00fcr Glasplatte &#8211; INOX<br \/>ohne TOP<br \/>H\u00f6hen &#8211; 380 \/ 610 \/ 700 \/ 1100 mm<\/p>\n","protected":false},"excerpt":{"rendered":"<p>Tischgestell INOX poliert, Bein verchromt, verschiedene H\u00f6hen f\u00fcr Glasplatte oder HolzplatteS (SQUARE) &#8211; Tischgestell INOX poliert, Teller quadratisch 485&#215;485 mm, Bein verchromt \u00d8 60 mmHolzplattenhalter Aluminium RAL9006Halter f\u00fcr Glasplatte &#8211; INOXohne TOPH\u00f6hen &#8211; 380 \/ 610 \/ 700 \/ 1100 mm<\/p>\n","protected":false},"featured_media":249458,"template":"","meta":{"_acf_changed":false,"_et_pb_use_builder":"","_et_pb_old_content":"","_et_gb_content_width":"","inline_featured_image":false},"product_brand":[],"product_cat":[352],"product_tag":[],"class_list":{"0":"post-252494","1":"product","2":"type-product","3":"status-publish","4":"has-post-thumbnail","6":"product_cat-happy-hours-de","8":"first","9":"instock","10":"taxable","11":"shipping-taxable","12":"product-type-simple"},"acf":[],"_links":{"self":[{"href":"https:\/\/www.simpa.sk\/de\/wp-json\/wp\/v2\/product\/252494","targetHints":{"allow":["GET"]}}],"collection":[{"href":"https:\/\/www.simpa.sk\/de\/wp-json\/wp\/v2\/product"}],"about":[{"href":"https:\/\/www.simpa.sk\/de\/wp-json\/wp\/v2\/types\/product"}],"wp:featuredmedia":[{"embeddable":true,"href":"https:\/\/www.simpa.sk\/de\/wp-json\/wp\/v2\/media\/249458"}],"wp:attachment":[{"href":"https:\/\/www.simpa.sk\/de\/wp-json\/wp\/v2\/media?parent=252494"}],"wp:term":[{"taxonomy":"product_brand","embeddable":true,"href":"https:\/\/www.simpa.sk\/de\/wp-json\/wp\/v2\/product_brand?post=252494"},{"taxonomy":"product_cat","embeddable":true,"href":"https:\/\/www.simpa.sk\/de\/wp-json\/wp\/v2\/product_cat?post=252494"},{"taxonomy":"product_tag","embeddable":true,"href":"https:\/\/www.simpa.sk\/de\/wp-json\/wp\/v2\/product_tag?post=252494"}],"curies":[{"name":"wp","href":"https:\/\/api.w.org\/{rel}","templated":true}]}}