{"id":252492,"date":"2024-02-03T21:32:16","date_gmt":"2024-02-03T20:32:16","guid":{"rendered":"https:\/\/www.simpa.sk\/produkt\/happy-hours-s-glass-top-600x600\/"},"modified":"2024-02-03T21:32:16","modified_gmt":"2024-02-03T20:32:16","slug":"happy-hours-s-glass-top-600x600","status":"publish","type":"product","link":"https:\/\/www.simpa.sk\/de\/produkt\/happy-hours-s-glass-top-600x600\/","title":{"rendered":"HAPPY HOURS \/ S + GLASS TOP 600&#215;600"},"content":{"rendered":"<p>Tischgestell INOX poliert, Teller quadratisch 485&#215;485 mm, Bein verchromt \u00d8 60 mm<br \/><strong>GLASS TOP<\/strong> &#8211; Sicherheitsglas <strong>600 x 600<\/strong> mm mit abgerundeten Ecken, Dicke 10 mm, Halter f\u00fcr Glas TOP &#8211; INOX<br \/>H\u00f6hen &#8211; 550 \/ 640 \/ 730 \/ 1050 mm<\/p>\n","protected":false},"excerpt":{"rendered":"<p>Tischgestell INOX poliert, Teller quadratisch 485&#215;485 mm, Bein verchromt \u00d8 60 mmGLASS TOP &#8211; Sicherheitsglas 600 x 600 mm mit abgerundeten Ecken, Dicke 10 mm, Halter f\u00fcr Glas TOP &#8211; INOXH\u00f6hen &#8211; 550 \/ 640 \/ 730 \/ 1050 mm<\/p>\n","protected":false},"featured_media":249450,"template":"","meta":{"_acf_changed":false,"_et_pb_use_builder":"","_et_pb_old_content":"","_et_gb_content_width":"","inline_featured_image":false},"product_brand":[],"product_cat":[352],"product_tag":[],"class_list":{"0":"post-252492","1":"product","2":"type-product","3":"status-publish","4":"has-post-thumbnail","6":"product_cat-happy-hours-de","8":"first","9":"instock","10":"taxable","11":"shipping-taxable","12":"product-type-simple"},"acf":[],"_links":{"self":[{"href":"https:\/\/www.simpa.sk\/de\/wp-json\/wp\/v2\/product\/252492","targetHints":{"allow":["GET"]}}],"collection":[{"href":"https:\/\/www.simpa.sk\/de\/wp-json\/wp\/v2\/product"}],"about":[{"href":"https:\/\/www.simpa.sk\/de\/wp-json\/wp\/v2\/types\/product"}],"wp:featuredmedia":[{"embeddable":true,"href":"https:\/\/www.simpa.sk\/de\/wp-json\/wp\/v2\/media\/249450"}],"wp:attachment":[{"href":"https:\/\/www.simpa.sk\/de\/wp-json\/wp\/v2\/media?parent=252492"}],"wp:term":[{"taxonomy":"product_brand","embeddable":true,"href":"https:\/\/www.simpa.sk\/de\/wp-json\/wp\/v2\/product_brand?post=252492"},{"taxonomy":"product_cat","embeddable":true,"href":"https:\/\/www.simpa.sk\/de\/wp-json\/wp\/v2\/product_cat?post=252492"},{"taxonomy":"product_tag","embeddable":true,"href":"https:\/\/www.simpa.sk\/de\/wp-json\/wp\/v2\/product_tag?post=252492"}],"curies":[{"name":"wp","href":"https:\/\/api.w.org\/{rel}","templated":true}]}}