{"id":252489,"date":"2024-02-03T21:18:29","date_gmt":"2024-02-03T20:18:29","guid":{"rendered":"https:\/\/www.simpa.sk\/produkt\/happy-hours-r-fg-top-o-700\/"},"modified":"2024-03-11T14:03:38","modified_gmt":"2024-03-11T13:03:38","slug":"happy-hours-r-fg-top-o-700","status":"publish","type":"product","link":"https:\/\/www.simpa.sk\/de\/produkt\/happy-hours-r-fg-top-o-700\/","title":{"rendered":"HAPPY HOURS \/ R + FG TOP \u00d8 700"},"content":{"rendered":"<p>Tischgestell INOX poliert, Teller rund \u00d8 530 mm, Bein verchromt \u00d8 60 mm<br \/><strong>FG TOP<\/strong> &#8211; Material weisse Spanplatte <strong>\u00d8 700<\/strong> mm, Dicke 25 mm, ABS-Kante 2 mm<br \/>H\u00f6hen\u00a0&#8211; 405 \/ 635 \/ 725 \/ 1135 mm<\/p>\n","protected":false},"excerpt":{"rendered":"<p>Tischgestell INOX poliert, Teller rund \u00d8 530 mm, Bein verchromt \u00d8 60 mmFG TOP &#8211; Material weisse Spanplatte \u00d8 700 mm, Dicke 25 mm, ABS-Kante 2 mmH\u00f6hen\u00a0&#8211; 405 \/ 635 \/ 725 \/ 1135 mm<\/p>\n","protected":false},"featured_media":249438,"template":"","meta":{"_acf_changed":false,"_et_pb_use_builder":"","_et_pb_old_content":"","_et_gb_content_width":"","inline_featured_image":false},"product_brand":[],"product_cat":[352],"product_tag":[],"class_list":{"0":"post-252489","1":"product","2":"type-product","3":"status-publish","4":"has-post-thumbnail","6":"product_cat-happy-hours-de","8":"first","9":"instock","10":"taxable","11":"shipping-taxable","12":"product-type-simple"},"acf":[],"_links":{"self":[{"href":"https:\/\/www.simpa.sk\/de\/wp-json\/wp\/v2\/product\/252489","targetHints":{"allow":["GET"]}}],"collection":[{"href":"https:\/\/www.simpa.sk\/de\/wp-json\/wp\/v2\/product"}],"about":[{"href":"https:\/\/www.simpa.sk\/de\/wp-json\/wp\/v2\/types\/product"}],"wp:featuredmedia":[{"embeddable":true,"href":"https:\/\/www.simpa.sk\/de\/wp-json\/wp\/v2\/media\/249438"}],"wp:attachment":[{"href":"https:\/\/www.simpa.sk\/de\/wp-json\/wp\/v2\/media?parent=252489"}],"wp:term":[{"taxonomy":"product_brand","embeddable":true,"href":"https:\/\/www.simpa.sk\/de\/wp-json\/wp\/v2\/product_brand?post=252489"},{"taxonomy":"product_cat","embeddable":true,"href":"https:\/\/www.simpa.sk\/de\/wp-json\/wp\/v2\/product_cat?post=252489"},{"taxonomy":"product_tag","embeddable":true,"href":"https:\/\/www.simpa.sk\/de\/wp-json\/wp\/v2\/product_tag?post=252489"}],"curies":[{"name":"wp","href":"https:\/\/api.w.org\/{rel}","templated":true}]}}