{"id":252485,"date":"2024-02-03T20:41:49","date_gmt":"2024-02-03T19:41:49","guid":{"rendered":"https:\/\/www.simpa.sk\/produkt\/core-73-top\/"},"modified":"2024-02-03T20:41:49","modified_gmt":"2024-02-03T19:41:49","slug":"core-73-top","status":"publish","type":"product","link":"https:\/\/www.simpa.sk\/de\/produkt\/core-73-top\/","title":{"rendered":"CORE 73 + TOP"},"content":{"rendered":"<p>Tischgestell mit Stahlrahmen und Holzf\u00fcsse, mit TOP<br \/><strong>BASE 73<\/strong> &#8211; Tischgestell niedrig weisser Stahlrahmen Holzf\u00fcsse, Eschenholz lackiert<br \/><strong>TOP<\/strong> &#8211; Material weisse Spanplatte, Dicke 25 mm, ABS-Kante 2 mm<br \/>Ma\u00dfe 80\/120\/160\/180 x 80 cm<\/p>\n","protected":false},"excerpt":{"rendered":"<p>Tischgestell mit Stahlrahmen und Holzf\u00fcsse, mit TOPBASE 73 &#8211; Tischgestell niedrig weisser Stahlrahmen Holzf\u00fcsse, Eschenholz lackiertTOP &#8211; Material weisse Spanplatte, Dicke 25 mm, ABS-Kante 2 mmMa\u00dfe 80\/120\/160\/180 x 80 cm<\/p>\n","protected":false},"featured_media":249407,"template":"","meta":{"_acf_changed":false,"_et_pb_use_builder":"","_et_pb_old_content":"","_et_gb_content_width":"","inline_featured_image":false},"product_brand":[],"product_cat":[349],"product_tag":[],"class_list":{"0":"post-252485","1":"product","2":"type-product","3":"status-publish","4":"has-post-thumbnail","6":"product_cat-core-de","8":"first","9":"instock","10":"taxable","11":"shipping-taxable","12":"product-type-simple"},"acf":[],"_links":{"self":[{"href":"https:\/\/www.simpa.sk\/de\/wp-json\/wp\/v2\/product\/252485","targetHints":{"allow":["GET"]}}],"collection":[{"href":"https:\/\/www.simpa.sk\/de\/wp-json\/wp\/v2\/product"}],"about":[{"href":"https:\/\/www.simpa.sk\/de\/wp-json\/wp\/v2\/types\/product"}],"wp:featuredmedia":[{"embeddable":true,"href":"https:\/\/www.simpa.sk\/de\/wp-json\/wp\/v2\/media\/249407"}],"wp:attachment":[{"href":"https:\/\/www.simpa.sk\/de\/wp-json\/wp\/v2\/media?parent=252485"}],"wp:term":[{"taxonomy":"product_brand","embeddable":true,"href":"https:\/\/www.simpa.sk\/de\/wp-json\/wp\/v2\/product_brand?post=252485"},{"taxonomy":"product_cat","embeddable":true,"href":"https:\/\/www.simpa.sk\/de\/wp-json\/wp\/v2\/product_cat?post=252485"},{"taxonomy":"product_tag","embeddable":true,"href":"https:\/\/www.simpa.sk\/de\/wp-json\/wp\/v2\/product_tag?post=252485"}],"curies":[{"name":"wp","href":"https:\/\/api.w.org\/{rel}","templated":true}]}}