{"id":252480,"date":"2024-02-03T14:00:15","date_gmt":"2024-02-03T13:00:15","guid":{"rendered":"https:\/\/www.simpa.sk\/produkt\/woody-750-top-o-600\/"},"modified":"2024-02-03T14:00:15","modified_gmt":"2024-02-03T13:00:15","slug":"woody-750-top-o-600","status":"publish","type":"product","link":"https:\/\/www.simpa.sk\/de\/produkt\/woody-750-top-o-600\/","title":{"rendered":"WOODY 750 + TOP \u00d8 600"},"content":{"rendered":"<p>Vierfu\u00df-Holzgestell, Eschenholz natur, andere Farben m\u00f6glich <strong>+ TOP<\/strong><br \/><strong>TOP \u00d8 600 NE<\/strong> &#8211; RUNDE PLATTE &#8211; SWISS KROMO schwarz\/schwarz,<br \/>diam. 590&#215;12 mm<br \/><strong>TOP \u00d8 600 BI<\/strong> &#8211; RUNDE PLATTE &#8211; SWISS EDELWEISS weiss\/schwarz,<br \/>diam. 590&#215;12 mm<br \/>H\u00f6he 750 mm<\/p>\n","protected":false},"excerpt":{"rendered":"<p>Vierfu\u00df-Holzgestell, Eschenholz natur, andere Farben m\u00f6glich + TOPTOP \u00d8 600 NE &#8211; RUNDE PLATTE &#8211; SWISS KROMO schwarz\/schwarz,diam. 590&#215;12 mmTOP \u00d8 600 BI &#8211; RUNDE PLATTE &#8211; SWISS EDELWEISS weiss\/schwarz,diam. 590&#215;12 mmH\u00f6he 750 mm<\/p>\n","protected":false},"featured_media":249288,"template":"","meta":{"_acf_changed":false,"_et_pb_use_builder":"","_et_pb_old_content":"","_et_gb_content_width":"","inline_featured_image":false},"product_brand":[],"product_cat":[354],"product_tag":[],"class_list":{"0":"post-252480","1":"product","2":"type-product","3":"status-publish","4":"has-post-thumbnail","6":"product_cat-woody-de","8":"first","9":"instock","10":"taxable","11":"shipping-taxable","12":"product-type-simple"},"acf":[],"_links":{"self":[{"href":"https:\/\/www.simpa.sk\/de\/wp-json\/wp\/v2\/product\/252480","targetHints":{"allow":["GET"]}}],"collection":[{"href":"https:\/\/www.simpa.sk\/de\/wp-json\/wp\/v2\/product"}],"about":[{"href":"https:\/\/www.simpa.sk\/de\/wp-json\/wp\/v2\/types\/product"}],"wp:featuredmedia":[{"embeddable":true,"href":"https:\/\/www.simpa.sk\/de\/wp-json\/wp\/v2\/media\/249288"}],"wp:attachment":[{"href":"https:\/\/www.simpa.sk\/de\/wp-json\/wp\/v2\/media?parent=252480"}],"wp:term":[{"taxonomy":"product_brand","embeddable":true,"href":"https:\/\/www.simpa.sk\/de\/wp-json\/wp\/v2\/product_brand?post=252480"},{"taxonomy":"product_cat","embeddable":true,"href":"https:\/\/www.simpa.sk\/de\/wp-json\/wp\/v2\/product_cat?post=252480"},{"taxonomy":"product_tag","embeddable":true,"href":"https:\/\/www.simpa.sk\/de\/wp-json\/wp\/v2\/product_tag?post=252480"}],"curies":[{"name":"wp","href":"https:\/\/api.w.org\/{rel}","templated":true}]}}