{"id":252476,"date":"2024-02-03T13:44:46","date_gmt":"2024-02-03T12:44:46","guid":{"rendered":"https:\/\/www.simpa.sk\/produkt\/woody-base-h738\/"},"modified":"2024-02-03T13:44:46","modified_gmt":"2024-02-03T12:44:46","slug":"woody-base-h738","status":"publish","type":"product","link":"https:\/\/www.simpa.sk\/de\/produkt\/woody-base-h738\/","title":{"rendered":"WOODY BASE H738"},"content":{"rendered":"<p><strong>BASE H738<\/strong> &#8211; Vierfu\u00df-Holzgestell, Eschenholz natur, andere Farben m\u00f6glich &#8211; H\u00f6he 738 mm<br \/>ohne TOP<\/p>\n","protected":false},"excerpt":{"rendered":"<p>BASE H738 &#8211; Vierfu\u00df-Holzgestell, Eschenholz natur, andere Farben m\u00f6glich &#8211; H\u00f6he 738 mmohne TOP<\/p>\n","protected":false},"featured_media":249239,"template":"","meta":{"_acf_changed":false,"_et_pb_use_builder":"","_et_pb_old_content":"","_et_gb_content_width":"","inline_featured_image":false},"product_brand":[],"product_cat":[354],"product_tag":[],"class_list":{"0":"post-252476","1":"product","2":"type-product","3":"status-publish","4":"has-post-thumbnail","6":"product_cat-woody-de","8":"first","9":"instock","10":"taxable","11":"shipping-taxable","12":"product-type-simple"},"acf":[],"_links":{"self":[{"href":"https:\/\/www.simpa.sk\/de\/wp-json\/wp\/v2\/product\/252476","targetHints":{"allow":["GET"]}}],"collection":[{"href":"https:\/\/www.simpa.sk\/de\/wp-json\/wp\/v2\/product"}],"about":[{"href":"https:\/\/www.simpa.sk\/de\/wp-json\/wp\/v2\/types\/product"}],"wp:featuredmedia":[{"embeddable":true,"href":"https:\/\/www.simpa.sk\/de\/wp-json\/wp\/v2\/media\/249239"}],"wp:attachment":[{"href":"https:\/\/www.simpa.sk\/de\/wp-json\/wp\/v2\/media?parent=252476"}],"wp:term":[{"taxonomy":"product_brand","embeddable":true,"href":"https:\/\/www.simpa.sk\/de\/wp-json\/wp\/v2\/product_brand?post=252476"},{"taxonomy":"product_cat","embeddable":true,"href":"https:\/\/www.simpa.sk\/de\/wp-json\/wp\/v2\/product_cat?post=252476"},{"taxonomy":"product_tag","embeddable":true,"href":"https:\/\/www.simpa.sk\/de\/wp-json\/wp\/v2\/product_tag?post=252476"}],"curies":[{"name":"wp","href":"https:\/\/api.w.org\/{rel}","templated":true}]}}