{"id":252469,"date":"2024-02-03T18:37:59","date_gmt":"2024-02-03T17:37:59","guid":{"rendered":"https:\/\/www.simpa.sk\/produkt\/zelig-bl2\/"},"modified":"2024-03-18T08:05:46","modified_gmt":"2024-03-18T07:05:46","slug":"zelig-bl2","status":"publish","type":"product","link":"https:\/\/www.simpa.sk\/de\/produkt\/zelig-bl2\/","title":{"rendered":"ZELIG \/ BL2"},"content":{"rendered":"<p>Modularsystem, vollgepolsterte Elementen, Stahlrahmen<br \/>+ hochwertiger Kaltschaum, Vierfu\u00df-Holzgestell<br \/><strong>BL2<\/strong> &#8211; 2-Sitzer Vierfu\u00df-Holzgestell, Buche natur, andere Farben m\u00f6glich<\/p>\n","protected":false},"excerpt":{"rendered":"<p>Modularsystem, vollgepolsterte Elementen, Stahlrahmen+ hochwertiger Kaltschaum, Vierfu\u00df-HolzgestellBL2 &#8211; 2-Sitzer Vierfu\u00df-Holzgestell, Buche natur, andere Farben m\u00f6glich<\/p>\n","protected":false},"featured_media":249345,"template":"","meta":{"_acf_changed":false,"_et_pb_use_builder":"","_et_pb_old_content":"","_et_gb_content_width":"","inline_featured_image":false},"product_brand":[],"product_cat":[336],"product_tag":[],"class_list":{"0":"post-252469","1":"product","2":"type-product","3":"status-publish","4":"has-post-thumbnail","6":"product_cat-zelig-de","8":"first","9":"instock","10":"taxable","11":"shipping-taxable","12":"product-type-simple"},"acf":[],"_links":{"self":[{"href":"https:\/\/www.simpa.sk\/de\/wp-json\/wp\/v2\/product\/252469","targetHints":{"allow":["GET"]}}],"collection":[{"href":"https:\/\/www.simpa.sk\/de\/wp-json\/wp\/v2\/product"}],"about":[{"href":"https:\/\/www.simpa.sk\/de\/wp-json\/wp\/v2\/types\/product"}],"wp:featuredmedia":[{"embeddable":true,"href":"https:\/\/www.simpa.sk\/de\/wp-json\/wp\/v2\/media\/249345"}],"wp:attachment":[{"href":"https:\/\/www.simpa.sk\/de\/wp-json\/wp\/v2\/media?parent=252469"}],"wp:term":[{"taxonomy":"product_brand","embeddable":true,"href":"https:\/\/www.simpa.sk\/de\/wp-json\/wp\/v2\/product_brand?post=252469"},{"taxonomy":"product_cat","embeddable":true,"href":"https:\/\/www.simpa.sk\/de\/wp-json\/wp\/v2\/product_cat?post=252469"},{"taxonomy":"product_tag","embeddable":true,"href":"https:\/\/www.simpa.sk\/de\/wp-json\/wp\/v2\/product_tag?post=252469"}],"curies":[{"name":"wp","href":"https:\/\/api.w.org\/{rel}","templated":true}]}}