{"id":252468,"date":"2024-02-03T18:36:26","date_gmt":"2024-02-03T17:36:26","guid":{"rendered":"https:\/\/www.simpa.sk\/produkt\/zelig-bl1\/"},"modified":"2024-03-18T08:05:24","modified_gmt":"2024-03-18T07:05:24","slug":"zelig-bl1","status":"publish","type":"product","link":"https:\/\/www.simpa.sk\/de\/produkt\/zelig-bl1\/","title":{"rendered":"ZELIG \/ BL1"},"content":{"rendered":"<p>Modularsystem, vollgepolsterte Elementen, Stahlrahmen<br \/>+ hochwertiger Kaltschaum, Vierfu\u00df-Holzgestell<br \/><strong>BL1<\/strong> &#8211; 1-Sitzer Vierfu\u00df-Holzgestell, Buche natur, andere Farben m\u00f6glich<\/p>\n","protected":false},"excerpt":{"rendered":"<p>Modularsystem, vollgepolsterte Elementen, Stahlrahmen+ hochwertiger Kaltschaum, Vierfu\u00df-HolzgestellBL1 &#8211; 1-Sitzer Vierfu\u00df-Holzgestell, Buche natur, andere Farben m\u00f6glich<\/p>\n","protected":false},"featured_media":249341,"template":"","meta":{"_acf_changed":false,"_et_pb_use_builder":"","_et_pb_old_content":"","_et_gb_content_width":"","inline_featured_image":false},"product_brand":[],"product_cat":[336],"product_tag":[],"class_list":{"0":"post-252468","1":"product","2":"type-product","3":"status-publish","4":"has-post-thumbnail","6":"product_cat-zelig-de","8":"first","9":"instock","10":"taxable","11":"shipping-taxable","12":"product-type-simple"},"acf":[],"_links":{"self":[{"href":"https:\/\/www.simpa.sk\/de\/wp-json\/wp\/v2\/product\/252468","targetHints":{"allow":["GET"]}}],"collection":[{"href":"https:\/\/www.simpa.sk\/de\/wp-json\/wp\/v2\/product"}],"about":[{"href":"https:\/\/www.simpa.sk\/de\/wp-json\/wp\/v2\/types\/product"}],"wp:featuredmedia":[{"embeddable":true,"href":"https:\/\/www.simpa.sk\/de\/wp-json\/wp\/v2\/media\/249341"}],"wp:attachment":[{"href":"https:\/\/www.simpa.sk\/de\/wp-json\/wp\/v2\/media?parent=252468"}],"wp:term":[{"taxonomy":"product_brand","embeddable":true,"href":"https:\/\/www.simpa.sk\/de\/wp-json\/wp\/v2\/product_brand?post=252468"},{"taxonomy":"product_cat","embeddable":true,"href":"https:\/\/www.simpa.sk\/de\/wp-json\/wp\/v2\/product_cat?post=252468"},{"taxonomy":"product_tag","embeddable":true,"href":"https:\/\/www.simpa.sk\/de\/wp-json\/wp\/v2\/product_tag?post=252468"}],"curies":[{"name":"wp","href":"https:\/\/api.w.org\/{rel}","templated":true}]}}