{"id":252426,"date":"2024-01-30T13:04:48","date_gmt":"2024-01-30T12:04:48","guid":{"rendered":"https:\/\/www.simpa.sk\/produkt\/lion-high-k10-ws\/"},"modified":"2024-03-18T07:30:07","modified_gmt":"2024-03-18T06:30:07","slug":"lion-high-k10-ws","status":"publish","type":"product","link":"https:\/\/www.simpa.sk\/de\/produkt\/lion-high-k10-ws\/","title":{"rendered":"LION HIGH \/ K10 + WS"},"content":{"rendered":"<p>vollgepolsterter Sessel, Stahlrahmen + hochwertiger Kaltschaum, hohe R\u00fcckenlehne<br \/><strong>K10WS<\/strong> &#8211; Fu\u00dfkreuz Aluminium poliert, Rollen <strong>D.60G<\/strong>, drehbar und h\u00f6henverstellbar (<strong>WS<\/strong> &#8211; Wave system &#8211; Neigungsverstellung der R\u00fcckenlehne)<\/p>\n","protected":false},"excerpt":{"rendered":"<p>vollgepolsterter Sessel, Stahlrahmen + hochwertiger Kaltschaum, hohe R\u00fcckenlehneK10WS &#8211; Fu\u00dfkreuz Aluminium poliert, Rollen D.60G, drehbar und h\u00f6henverstellbar (WS &#8211; Wave system &#8211; Neigungsverstellung der R\u00fcckenlehne)<\/p>\n","protected":false},"featured_media":248154,"template":"","meta":{"_acf_changed":false,"_et_pb_use_builder":"","_et_pb_old_content":"","_et_gb_content_width":"","inline_featured_image":false},"product_brand":[],"product_cat":[309,315],"product_tag":[],"class_list":{"0":"post-252426","1":"product","2":"type-product","3":"status-publish","4":"has-post-thumbnail","6":"product_cat-armchairs-lounge-de","7":"product_cat-lion-high-de","9":"first","10":"instock","11":"taxable","12":"shipping-taxable","13":"product-type-simple"},"acf":[],"_links":{"self":[{"href":"https:\/\/www.simpa.sk\/de\/wp-json\/wp\/v2\/product\/252426","targetHints":{"allow":["GET"]}}],"collection":[{"href":"https:\/\/www.simpa.sk\/de\/wp-json\/wp\/v2\/product"}],"about":[{"href":"https:\/\/www.simpa.sk\/de\/wp-json\/wp\/v2\/types\/product"}],"wp:featuredmedia":[{"embeddable":true,"href":"https:\/\/www.simpa.sk\/de\/wp-json\/wp\/v2\/media\/248154"}],"wp:attachment":[{"href":"https:\/\/www.simpa.sk\/de\/wp-json\/wp\/v2\/media?parent=252426"}],"wp:term":[{"taxonomy":"product_brand","embeddable":true,"href":"https:\/\/www.simpa.sk\/de\/wp-json\/wp\/v2\/product_brand?post=252426"},{"taxonomy":"product_cat","embeddable":true,"href":"https:\/\/www.simpa.sk\/de\/wp-json\/wp\/v2\/product_cat?post=252426"},{"taxonomy":"product_tag","embeddable":true,"href":"https:\/\/www.simpa.sk\/de\/wp-json\/wp\/v2\/product_tag?post=252426"}],"curies":[{"name":"wp","href":"https:\/\/api.w.org\/{rel}","templated":true}]}}