{"id":252425,"date":"2024-01-30T13:01:28","date_gmt":"2024-01-30T12:01:28","guid":{"rendered":"https:\/\/www.simpa.sk\/produkt\/lion-high-k10\/"},"modified":"2024-03-18T07:29:47","modified_gmt":"2024-03-18T06:29:47","slug":"lion-high-k10","status":"publish","type":"product","link":"https:\/\/www.simpa.sk\/de\/produkt\/lion-high-k10\/","title":{"rendered":"LION HIGH \/ K10"},"content":{"rendered":"<p>vollgepolsterter Sessel, Stahlrahmen + hochwertiger Kaltschaum, hohe R\u00fcckenlehne<br \/><strong>K10<\/strong> &#8211; Fu\u00dfkreuz Aluminium poliert, Rollen <strong>D.60G<\/strong>, drehbar und h\u00f6henverstellbar <\/p>\n","protected":false},"excerpt":{"rendered":"<p>vollgepolsterter Sessel, Stahlrahmen + hochwertiger Kaltschaum, hohe R\u00fcckenlehneK10 &#8211; Fu\u00dfkreuz Aluminium poliert, Rollen D.60G, drehbar und h\u00f6henverstellbar<\/p>\n","protected":false},"featured_media":248150,"template":"","meta":{"_acf_changed":false,"_et_pb_use_builder":"","_et_pb_old_content":"","_et_gb_content_width":"","inline_featured_image":false},"product_brand":[],"product_cat":[309,315],"product_tag":[],"class_list":{"0":"post-252425","1":"product","2":"type-product","3":"status-publish","4":"has-post-thumbnail","6":"product_cat-armchairs-lounge-de","7":"product_cat-lion-high-de","9":"first","10":"instock","11":"taxable","12":"shipping-taxable","13":"product-type-simple"},"acf":[],"_links":{"self":[{"href":"https:\/\/www.simpa.sk\/de\/wp-json\/wp\/v2\/product\/252425","targetHints":{"allow":["GET"]}}],"collection":[{"href":"https:\/\/www.simpa.sk\/de\/wp-json\/wp\/v2\/product"}],"about":[{"href":"https:\/\/www.simpa.sk\/de\/wp-json\/wp\/v2\/types\/product"}],"wp:featuredmedia":[{"embeddable":true,"href":"https:\/\/www.simpa.sk\/de\/wp-json\/wp\/v2\/media\/248150"}],"wp:attachment":[{"href":"https:\/\/www.simpa.sk\/de\/wp-json\/wp\/v2\/media?parent=252425"}],"wp:term":[{"taxonomy":"product_brand","embeddable":true,"href":"https:\/\/www.simpa.sk\/de\/wp-json\/wp\/v2\/product_brand?post=252425"},{"taxonomy":"product_cat","embeddable":true,"href":"https:\/\/www.simpa.sk\/de\/wp-json\/wp\/v2\/product_cat?post=252425"},{"taxonomy":"product_tag","embeddable":true,"href":"https:\/\/www.simpa.sk\/de\/wp-json\/wp\/v2\/product_tag?post=252425"}],"curies":[{"name":"wp","href":"https:\/\/api.w.org\/{rel}","templated":true}]}}