{"id":252356,"date":"2024-02-01T13:59:00","date_gmt":"2024-02-01T12:59:00","guid":{"rendered":"https:\/\/www.simpa.sk\/produkt\/sway\/"},"modified":"2024-02-01T13:59:00","modified_gmt":"2024-02-01T12:59:00","slug":"sway","status":"publish","type":"product","link":"https:\/\/www.simpa.sk\/de\/produkt\/sway\/","title":{"rendered":"SWAY"},"content":{"rendered":"<p>Wackelhocker mit praktischem H\u00f6henverstellsystem mit Doppeldruckknopf (18 cm Hub) und gepolsterter Sitzfl\u00e4che<br \/>Ger\u00e4usch- und rutschfester, gummierter Standfu\u00df, neigbar<br \/>um +\/- 20\u00b0. 360\u00b0 Sitzdrehung<br \/>Kunststofffarben &#8211; <strong>AN<\/strong> antrazit, <strong>BI<\/strong> weiss, <strong>BL<\/strong> blau, <strong>VE<\/strong> gr\u00fcn, <strong>GI<\/strong> gelb, <strong>RO<\/strong> rot<\/p>\n","protected":false},"excerpt":{"rendered":"<p>Wackelhocker mit praktischem H\u00f6henverstellsystem mit Doppeldruckknopf (18 cm Hub) und gepolsterter Sitzfl\u00e4cheGer\u00e4usch- und rutschfester, gummierter Standfu\u00df, neigbarum +\/- 20\u00b0. 360\u00b0 SitzdrehungKunststofffarben &#8211; AN antrazit, BI weiss, BL blau, VE gr\u00fcn, GI gelb, RO rot<\/p>\n","protected":false},"featured_media":248603,"template":"","meta":{"_acf_changed":false,"_et_pb_use_builder":"","_et_pb_old_content":"","_et_gb_content_width":"","inline_featured_image":false},"product_brand":[],"product_cat":[345],"product_tag":[],"class_list":{"0":"post-252356","1":"product","2":"type-product","3":"status-publish","4":"has-post-thumbnail","6":"product_cat-sway-de","8":"first","9":"instock","10":"taxable","11":"shipping-taxable","12":"product-type-simple"},"acf":[],"_links":{"self":[{"href":"https:\/\/www.simpa.sk\/de\/wp-json\/wp\/v2\/product\/252356","targetHints":{"allow":["GET"]}}],"collection":[{"href":"https:\/\/www.simpa.sk\/de\/wp-json\/wp\/v2\/product"}],"about":[{"href":"https:\/\/www.simpa.sk\/de\/wp-json\/wp\/v2\/types\/product"}],"wp:featuredmedia":[{"embeddable":true,"href":"https:\/\/www.simpa.sk\/de\/wp-json\/wp\/v2\/media\/248603"}],"wp:attachment":[{"href":"https:\/\/www.simpa.sk\/de\/wp-json\/wp\/v2\/media?parent=252356"}],"wp:term":[{"taxonomy":"product_brand","embeddable":true,"href":"https:\/\/www.simpa.sk\/de\/wp-json\/wp\/v2\/product_brand?post=252356"},{"taxonomy":"product_cat","embeddable":true,"href":"https:\/\/www.simpa.sk\/de\/wp-json\/wp\/v2\/product_cat?post=252356"},{"taxonomy":"product_tag","embeddable":true,"href":"https:\/\/www.simpa.sk\/de\/wp-json\/wp\/v2\/product_tag?post=252356"}],"curies":[{"name":"wp","href":"https:\/\/api.w.org\/{rel}","templated":true}]}}