{"id":252329,"date":"2024-02-01T13:32:51","date_gmt":"2024-02-01T12:32:51","guid":{"rendered":"https:\/\/www.simpa.sk\/produkt\/amy-sg1\/"},"modified":"2024-03-18T07:32:44","modified_gmt":"2024-03-18T06:32:44","slug":"amy-sg1","status":"publish","type":"product","link":"https:\/\/www.simpa.sk\/de\/produkt\/amy-sg1\/","title":{"rendered":"AMY \/ SG1"},"content":{"rendered":"<p>vollgepolsterter Barhocker, Stahlrahmen + hochwertiger Kaltschaum<br \/><strong>SG1<\/strong> &#8211; Tellerfu\u00dfgestell verchromt oder schwarz matt mit der Fu\u00dfst\u00fctze, <br \/>drehbar und h\u00f6henverstellbar<\/p>\n","protected":false},"excerpt":{"rendered":"<p>vollgepolsterter Barhocker, Stahlrahmen + hochwertiger KaltschaumSG1 &#8211; Tellerfu\u00dfgestell verchromt oder schwarz matt mit der Fu\u00dfst\u00fctze, drehbar und h\u00f6henverstellbar<\/p>\n","protected":false},"featured_media":248544,"template":"","meta":{"_acf_changed":false,"_et_pb_use_builder":"","_et_pb_old_content":"","_et_gb_content_width":"","inline_featured_image":false},"product_brand":[],"product_cat":[338],"product_tag":[],"class_list":{"0":"post-252329","1":"product","2":"type-product","3":"status-publish","4":"has-post-thumbnail","6":"product_cat-amy-stool-de","8":"first","9":"instock","10":"taxable","11":"shipping-taxable","12":"product-type-simple"},"acf":[],"_links":{"self":[{"href":"https:\/\/www.simpa.sk\/de\/wp-json\/wp\/v2\/product\/252329","targetHints":{"allow":["GET"]}}],"collection":[{"href":"https:\/\/www.simpa.sk\/de\/wp-json\/wp\/v2\/product"}],"about":[{"href":"https:\/\/www.simpa.sk\/de\/wp-json\/wp\/v2\/types\/product"}],"wp:featuredmedia":[{"embeddable":true,"href":"https:\/\/www.simpa.sk\/de\/wp-json\/wp\/v2\/media\/248544"}],"wp:attachment":[{"href":"https:\/\/www.simpa.sk\/de\/wp-json\/wp\/v2\/media?parent=252329"}],"wp:term":[{"taxonomy":"product_brand","embeddable":true,"href":"https:\/\/www.simpa.sk\/de\/wp-json\/wp\/v2\/product_brand?post=252329"},{"taxonomy":"product_cat","embeddable":true,"href":"https:\/\/www.simpa.sk\/de\/wp-json\/wp\/v2\/product_cat?post=252329"},{"taxonomy":"product_tag","embeddable":true,"href":"https:\/\/www.simpa.sk\/de\/wp-json\/wp\/v2\/product_tag?post=252329"}],"curies":[{"name":"wp","href":"https:\/\/api.w.org\/{rel}","templated":true}]}}