{"id":252324,"date":"2024-02-01T13:51:07","date_gmt":"2024-02-01T12:51:07","guid":{"rendered":"https:\/\/www.simpa.sk\/produkt\/lucy-kkfr\/"},"modified":"2024-03-18T07:35:10","modified_gmt":"2024-03-18T06:35:10","slug":"lucy-kkfr","status":"publish","type":"product","link":"https:\/\/www.simpa.sk\/de\/produkt\/lucy-kkfr\/","title":{"rendered":"LUCY \/ KK+FR"},"content":{"rendered":"<p>vollgepolsterter Barhocker, Stahlrahmen + hochwertiger Kaltschaum<br \/><strong>KK + FR<\/strong> &#8211; Fu\u00dfkreuz Nylon-schwarz, Kunststoffgleiter schwarz,<br \/>Gasfeder hoch &#8211; schwarz <strong>H.370<\/strong>, verstellbarer schwarzer <strong>Fu\u00dfring<\/strong>, <br \/>drehbar und h\u00f6henverstellbar<\/p>\n","protected":false},"excerpt":{"rendered":"<p>vollgepolsterter Barhocker, Stahlrahmen + hochwertiger KaltschaumKK + FR &#8211; Fu\u00dfkreuz Nylon-schwarz, Kunststoffgleiter schwarz,Gasfeder hoch &#8211; schwarz H.370, verstellbarer schwarzer Fu\u00dfring, drehbar und h\u00f6henverstellbar<\/p>\n","protected":false},"featured_media":248590,"template":"","meta":{"_acf_changed":false,"_et_pb_use_builder":"","_et_pb_old_content":"","_et_gb_content_width":"","inline_featured_image":false},"product_brand":[],"product_cat":[329],"product_tag":[],"class_list":{"0":"post-252324","1":"product","2":"type-product","3":"status-publish","4":"has-post-thumbnail","6":"product_cat-lucy-de","8":"first","9":"instock","10":"taxable","11":"shipping-taxable","12":"product-type-simple"},"acf":[],"_links":{"self":[{"href":"https:\/\/www.simpa.sk\/de\/wp-json\/wp\/v2\/product\/252324","targetHints":{"allow":["GET"]}}],"collection":[{"href":"https:\/\/www.simpa.sk\/de\/wp-json\/wp\/v2\/product"}],"about":[{"href":"https:\/\/www.simpa.sk\/de\/wp-json\/wp\/v2\/types\/product"}],"wp:featuredmedia":[{"embeddable":true,"href":"https:\/\/www.simpa.sk\/de\/wp-json\/wp\/v2\/media\/248590"}],"wp:attachment":[{"href":"https:\/\/www.simpa.sk\/de\/wp-json\/wp\/v2\/media?parent=252324"}],"wp:term":[{"taxonomy":"product_brand","embeddable":true,"href":"https:\/\/www.simpa.sk\/de\/wp-json\/wp\/v2\/product_brand?post=252324"},{"taxonomy":"product_cat","embeddable":true,"href":"https:\/\/www.simpa.sk\/de\/wp-json\/wp\/v2\/product_cat?post=252324"},{"taxonomy":"product_tag","embeddable":true,"href":"https:\/\/www.simpa.sk\/de\/wp-json\/wp\/v2\/product_tag?post=252324"}],"curies":[{"name":"wp","href":"https:\/\/api.w.org\/{rel}","templated":true}]}}