{"id":252317,"date":"2024-02-02T15:20:16","date_gmt":"2024-02-02T14:20:16","guid":{"rendered":"https:\/\/www.simpa.sk\/produkt\/wing-stool-sg2\/"},"modified":"2024-03-08T12:46:35","modified_gmt":"2024-03-08T11:46:35","slug":"wing-stool-sg2","status":"publish","type":"product","link":"https:\/\/www.simpa.sk\/de\/produkt\/wing-stool-sg2\/","title":{"rendered":"WING STOOL \/ SG2"},"content":{"rendered":"<p>Barhocker<br \/><strong>SG2<\/strong> &#8211; Kunststoffschale, Sitz gepolstert<br \/>Kunststofffarben &#8211; <strong>AN<\/strong> antrazit, <strong>BI<\/strong> weiss, <strong>BL<\/strong> blau, <strong>VE<\/strong> gr\u00fcn, <strong>GI<\/strong> gelb, <strong>RO<\/strong> rot<br \/>Vierfu\u00df-Stahlgestell verchromt<br \/>* Vierfu\u00df-Stahlgestell &#8211; <strong>NE<\/strong> schwarz, <strong>BI<\/strong> weiss &#8211; ohne Zuschlag<\/p>\n","protected":false},"excerpt":{"rendered":"<p>BarhockerSG2 &#8211; Kunststoffschale, Sitz gepolstertKunststofffarben &#8211; AN antrazit, BI weiss, BL blau, VE gr\u00fcn, GI gelb, RO rotVierfu\u00df-Stahlgestell verchromt* Vierfu\u00df-Stahlgestell &#8211; NE schwarz, BI weiss &#8211; ohne Zuschlag<\/p>\n","protected":false},"featured_media":248919,"template":"","meta":{"_acf_changed":false,"_et_pb_use_builder":"","_et_pb_old_content":"","_et_gb_content_width":"","inline_featured_image":false},"product_brand":[],"product_cat":[347],"product_tag":[],"class_list":{"0":"post-252317","1":"product","2":"type-product","3":"status-publish","4":"has-post-thumbnail","6":"product_cat-wing-stool-de","8":"first","9":"instock","10":"taxable","11":"shipping-taxable","12":"product-type-simple"},"acf":[],"_links":{"self":[{"href":"https:\/\/www.simpa.sk\/de\/wp-json\/wp\/v2\/product\/252317","targetHints":{"allow":["GET"]}}],"collection":[{"href":"https:\/\/www.simpa.sk\/de\/wp-json\/wp\/v2\/product"}],"about":[{"href":"https:\/\/www.simpa.sk\/de\/wp-json\/wp\/v2\/types\/product"}],"wp:featuredmedia":[{"embeddable":true,"href":"https:\/\/www.simpa.sk\/de\/wp-json\/wp\/v2\/media\/248919"}],"wp:attachment":[{"href":"https:\/\/www.simpa.sk\/de\/wp-json\/wp\/v2\/media?parent=252317"}],"wp:term":[{"taxonomy":"product_brand","embeddable":true,"href":"https:\/\/www.simpa.sk\/de\/wp-json\/wp\/v2\/product_brand?post=252317"},{"taxonomy":"product_cat","embeddable":true,"href":"https:\/\/www.simpa.sk\/de\/wp-json\/wp\/v2\/product_cat?post=252317"},{"taxonomy":"product_tag","embeddable":true,"href":"https:\/\/www.simpa.sk\/de\/wp-json\/wp\/v2\/product_tag?post=252317"}],"curies":[{"name":"wp","href":"https:\/\/api.w.org\/{rel}","templated":true}]}}