{"id":252314,"date":"2024-02-02T14:52:30","date_gmt":"2024-02-02T13:52:30","guid":{"rendered":"https:\/\/www.simpa.sk\/produkt\/wing-4g1\/"},"modified":"2024-02-02T14:52:30","modified_gmt":"2024-02-02T13:52:30","slug":"wing-4g1","status":"publish","type":"product","link":"https:\/\/www.simpa.sk\/de\/produkt\/wing-4g1\/","title":{"rendered":"WING \/ 4G1"},"content":{"rendered":"<p>Stuhl mit Kunststoffschale<strong><br \/>4G1<\/strong> &#8211; Kunststoffschale<strong><br \/><\/strong>Kunststofffarben &#8211; <strong>AN<\/strong> antrazit, <strong>BI<\/strong> weiss, <strong>BL<\/strong> blau, <strong>VE<\/strong> gr\u00fcn, <strong>GI<\/strong> gelb, <strong>RO<\/strong> rot<br \/>Vierfu\u00df-Stahlgestell verchromt<br \/>* Vierfu\u00df-Stahlgestell &#8211; <strong>NE<\/strong> schwarz, <strong>BI<\/strong> weiss &#8211; ohne Zuschlag<\/p>\n","protected":false},"excerpt":{"rendered":"<p>Stuhl mit Kunststoffschale4G1 &#8211; KunststoffschaleKunststofffarben &#8211; AN antrazit, BI weiss, BL blau, VE gr\u00fcn, GI gelb, RO rotVierfu\u00df-Stahlgestell verchromt* Vierfu\u00df-Stahlgestell &#8211; NE schwarz, BI weiss &#8211; ohne Zuschlag<\/p>\n","protected":false},"featured_media":248865,"template":"","meta":{"_acf_changed":false,"_et_pb_use_builder":"","_et_pb_old_content":"","_et_gb_content_width":"","inline_featured_image":false},"product_brand":[],"product_cat":[332],"product_tag":[],"class_list":{"0":"post-252314","1":"product","2":"type-product","3":"status-publish","4":"has-post-thumbnail","6":"product_cat-wing-de","8":"first","9":"instock","10":"taxable","11":"shipping-taxable","12":"product-type-simple"},"acf":[],"_links":{"self":[{"href":"https:\/\/www.simpa.sk\/de\/wp-json\/wp\/v2\/product\/252314","targetHints":{"allow":["GET"]}}],"collection":[{"href":"https:\/\/www.simpa.sk\/de\/wp-json\/wp\/v2\/product"}],"about":[{"href":"https:\/\/www.simpa.sk\/de\/wp-json\/wp\/v2\/types\/product"}],"wp:featuredmedia":[{"embeddable":true,"href":"https:\/\/www.simpa.sk\/de\/wp-json\/wp\/v2\/media\/248865"}],"wp:attachment":[{"href":"https:\/\/www.simpa.sk\/de\/wp-json\/wp\/v2\/media?parent=252314"}],"wp:term":[{"taxonomy":"product_brand","embeddable":true,"href":"https:\/\/www.simpa.sk\/de\/wp-json\/wp\/v2\/product_brand?post=252314"},{"taxonomy":"product_cat","embeddable":true,"href":"https:\/\/www.simpa.sk\/de\/wp-json\/wp\/v2\/product_cat?post=252314"},{"taxonomy":"product_tag","embeddable":true,"href":"https:\/\/www.simpa.sk\/de\/wp-json\/wp\/v2\/product_tag?post=252314"}],"curies":[{"name":"wp","href":"https:\/\/api.w.org\/{rel}","templated":true}]}}