{"id":252310,"date":"2024-02-02T14:34:05","date_gmt":"2024-02-02T13:34:05","guid":{"rendered":"https:\/\/www.simpa.sk\/produkt\/nub-up-kk-m1\/"},"modified":"2024-03-15T15:18:51","modified_gmt":"2024-03-15T14:18:51","slug":"nub-up-kk-m1","status":"publish","type":"product","link":"https:\/\/www.simpa.sk\/de\/produkt\/nub-up-kk-m1\/","title":{"rendered":"NUB UP \/ KK-M1"},"content":{"rendered":"<p>Sessel mit vollgepolsterter Kunststoffschale, drehbar<br \/><strong>M1<\/strong> &#8211; Mechanik f\u00fcr die Einstellung der Sitzh\u00f6he<br \/><strong>KK<\/strong> &#8211; Fu\u00dfkreuz Nylon schwarz, Rollen <strong>D.65U<\/strong> universal<\/p>\n","protected":false},"excerpt":{"rendered":"<p>Sessel mit vollgepolsterter Kunststoffschale, drehbarM1 &#8211; Mechanik f\u00fcr die Einstellung der Sitzh\u00f6heKK &#8211; Fu\u00dfkreuz Nylon schwarz, Rollen D.65U universal<\/p>\n","protected":false},"featured_media":248846,"template":"","meta":{"_acf_changed":false,"_et_pb_use_builder":"","_et_pb_old_content":"","_et_gb_content_width":"","inline_featured_image":false},"product_brand":[],"product_cat":[330],"product_tag":[],"class_list":{"0":"post-252310","1":"product","2":"type-product","3":"status-publish","4":"has-post-thumbnail","6":"product_cat-nub-de","8":"first","9":"instock","10":"taxable","11":"shipping-taxable","12":"product-type-simple"},"acf":[],"_links":{"self":[{"href":"https:\/\/www.simpa.sk\/de\/wp-json\/wp\/v2\/product\/252310","targetHints":{"allow":["GET"]}}],"collection":[{"href":"https:\/\/www.simpa.sk\/de\/wp-json\/wp\/v2\/product"}],"about":[{"href":"https:\/\/www.simpa.sk\/de\/wp-json\/wp\/v2\/types\/product"}],"wp:featuredmedia":[{"embeddable":true,"href":"https:\/\/www.simpa.sk\/de\/wp-json\/wp\/v2\/media\/248846"}],"wp:attachment":[{"href":"https:\/\/www.simpa.sk\/de\/wp-json\/wp\/v2\/media?parent=252310"}],"wp:term":[{"taxonomy":"product_brand","embeddable":true,"href":"https:\/\/www.simpa.sk\/de\/wp-json\/wp\/v2\/product_brand?post=252310"},{"taxonomy":"product_cat","embeddable":true,"href":"https:\/\/www.simpa.sk\/de\/wp-json\/wp\/v2\/product_cat?post=252310"},{"taxonomy":"product_tag","embeddable":true,"href":"https:\/\/www.simpa.sk\/de\/wp-json\/wp\/v2\/product_tag?post=252310"}],"curies":[{"name":"wp","href":"https:\/\/api.w.org\/{rel}","templated":true}]}}