{"id":20726,"date":"2023-03-31T16:13:49","date_gmt":"2023-03-31T14:13:49","guid":{"rendered":"https:\/\/www.simpa.sk\/produkt\/business-itx-kopia\/"},"modified":"2023-03-31T16:13:49","modified_gmt":"2023-03-31T14:13:49","slug":"business-itx-kopia","status":"publish","type":"product","link":"https:\/\/www.simpa.sk\/de\/produkt\/business-itx-kopia\/","title":{"rendered":"Business ITX (K\u00f3pia)"},"content":{"rendered":"<p>DE komfortn\u00e1 kancel\u00e1rska oto\u010dn\u00e1 stoli\u010dka s plynov\u00fdm piestom<br \/>\n<strong>NET ARUBA<\/strong> \u2013 po\u0165ah sedadla a operadla samonosn\u00e1 sie\u0165ovina<br \/>\n<strong>1 <\/strong>\u2013 \u010dierna, <strong>2 <\/strong>\u2013 \u0161ed\u00e1, <strong>3 <\/strong>\u2013 biela, <strong>4 <\/strong>\u2013 modrosiv\u00e1<br \/>\n<strong>A <\/strong>\u2013 vysok\u00e9 operadlo<br \/>\n<strong>FN <\/strong>\u2013 \u010dierne prevedenie \u2013 r\u00e1m stoli\u010dky, podr\u00fa\u010dky, kr\u00ed\u017e<br \/>\nhojdacia mechanika s aret\u00e1ciou a s nastaven\u00edm tuhosti, antishock<br \/>\nplastov\u00fd kr\u00ed\u017e <strong>KX<\/strong><br \/>\nkolieska <strong>D.65UF<\/strong> \u010dierne, brzden\u00e9<\/p>\n","protected":false},"excerpt":{"rendered":"<p>DE komfortn\u00e1 kancel\u00e1rska oto\u010dn\u00e1 stoli\u010dka s plynov\u00fdm piestom NET ARUBA \u2013 po\u0165ah sedadla a operadla samonosn\u00e1 sie\u0165ovina 1 \u2013 \u010dierna, 2 \u2013 \u0161ed\u00e1, 3 \u2013 biela, 4 \u2013 modrosiv\u00e1 A \u2013 vysok\u00e9 operadlo FN \u2013 \u010dierne prevedenie \u2013 r\u00e1m stoli\u010dky, podr\u00fa\u010dky, kr\u00ed\u017e hojdacia mechanika s aret\u00e1ciou a s nastaven\u00edm tuhosti, antishock plastov\u00fd kr\u00ed\u017e KX kolieska [&hellip;]<\/p>\n","protected":false},"featured_media":20688,"template":"","meta":{"_acf_changed":false,"_et_pb_use_builder":"off","_et_pb_old_content":"","_et_gb_content_width":"","inline_featured_image":false},"product_brand":[],"product_cat":[70,69],"product_tag":[],"class_list":{"0":"post-20726","1":"product","2":"type-product","3":"status-publish","4":"has-post-thumbnail","6":"product_cat-chairs-de","7":"product_cat-managerial-de","9":"first","10":"instock","11":"taxable","12":"shipping-taxable","13":"product-type-simple"},"acf":[],"_links":{"self":[{"href":"https:\/\/www.simpa.sk\/de\/wp-json\/wp\/v2\/product\/20726","targetHints":{"allow":["GET"]}}],"collection":[{"href":"https:\/\/www.simpa.sk\/de\/wp-json\/wp\/v2\/product"}],"about":[{"href":"https:\/\/www.simpa.sk\/de\/wp-json\/wp\/v2\/types\/product"}],"wp:featuredmedia":[{"embeddable":true,"href":"https:\/\/www.simpa.sk\/de\/wp-json\/wp\/v2\/media\/20688"}],"wp:attachment":[{"href":"https:\/\/www.simpa.sk\/de\/wp-json\/wp\/v2\/media?parent=20726"}],"wp:term":[{"taxonomy":"product_brand","embeddable":true,"href":"https:\/\/www.simpa.sk\/de\/wp-json\/wp\/v2\/product_brand?post=20726"},{"taxonomy":"product_cat","embeddable":true,"href":"https:\/\/www.simpa.sk\/de\/wp-json\/wp\/v2\/product_cat?post=20726"},{"taxonomy":"product_tag","embeddable":true,"href":"https:\/\/www.simpa.sk\/de\/wp-json\/wp\/v2\/product_tag?post=20726"}],"curies":[{"name":"wp","href":"https:\/\/api.w.org\/{rel}","templated":true}]}}